{"id":1998,"date":"2025-03-20T08:06:38","date_gmt":"2025-03-20T08:06:38","guid":{"rendered":"https:\/\/theplywoodfactory.com\/?post_type=product&#038;p=1998"},"modified":"2025-04-14T09:04:45","modified_gmt":"2025-04-14T09:04:45","slug":"smooth-film-faced-birch-plywood","status":"publish","type":"product","link":"https:\/\/theplywoodfactory.com\/de\/manufacturer\/smooth-film-faced-birch-plywood\/","title":{"rendered":"Glattes filmbeschichtetes Birkensperrholz"},"content":{"rendered":"<section class=\"section\" id=\"section_1309989642\">\n\t\t<div class=\"bg section-bg fill bg-fill  bg-loaded\" >\n\n\t\t\t\n\t\t\t\n\t\t\t\n\n\t\t<\/div>\n\n\t\t\n\n\t\t<div class=\"section-content relative\">\n\t\t\t\n<p><strong><b>Produkt<\/b><\/strong><strong><b>: <\/b><\/strong>Glattes Filmsperrholz aus Birke<\/p>\n<p><strong><b>Spezies: <\/b><\/strong>100% Birke<\/p>\n<p><strong><b>Blechdicke: <\/b><\/strong>9mm; 10mm; 12mmmm; 15mm; 18mm; 21mm; 24mm; 27mm; 28mm; 30mm; 35mm; 40mm; 60mm; 90mm<\/p>\n<p><strong><b>C<\/b><\/strong><strong><b>Erztypen:<\/b><\/strong>\u00a0100% Birke;<\/p>\n<p><strong><b>Klebstofftypen: <\/b><\/strong>Kleber f\u00fcr den Au\u00dfenbereich (Phenolharz)<\/p>\n<p><strong><b>F<\/b><\/strong><strong><b>ilm<\/b><\/strong><strong><b>\u00a0T<\/b><\/strong><strong><b>ype<\/b><\/strong><strong><b>s<\/b><\/strong><strong><b>: <\/b><\/strong>Glatter Film<\/p>\n<p><strong><b>F<\/b><\/strong><strong><b>ilm<\/b><\/strong><strong><b>\u00a0Gewicht<\/b><\/strong><strong><b>:<\/b><\/strong><strong><b>\u00a0<\/b><\/strong>120g; 240g; 440g<\/p>\n<p><strong><b>F<\/b><\/strong><strong><b>ilm<\/b><\/strong><strong><b>\u00a0Farben<\/b><\/strong><strong><b>:<\/b><\/strong><strong><b>\u00a0<\/b><\/strong>Schwarz; Dunkelbraun; Hellbraun; Silbergrau; Hellgrau; Blau; Gr\u00fcn; Gelb<\/p>\n<p><strong><b>Feuchtigkeitsgehalt: <\/b><\/strong>10% (+\/- 2%) nach EN315 und DIN 68705<\/p>\n<p><strong><b>Gewicht\/Dichte:<\/b><\/strong>\u00a0640 - 700 kg\/m\u00b3<\/p>\n<p><strong><b>Formaldehyd<\/b><\/strong><strong><b>:<\/b><\/strong>\u00a0Norm EN 13986<\/p>\n<p>Die Formaldehydabgabe entspricht den Anforderungen der Klasse E1 (Pr\u00fcfmethode EN 717 Teil 2)<\/p>\n\t<div id=\"text-2113968701\" class=\"text\">\n\t\t\n<h2><strong><b>Blattgr\u00f6\u00dfen<\/b><\/strong><\/h2>\n\t\t\n<style>\n#text-2113968701 {\n  text-align: center;\n}\n<\/style>\n\t<\/div>\n\t\n<div class=\"row\"  id=\"row-594389773\">\n\n\t<div id=\"col-1769118752\" class=\"col medium-6 small-12 large-6\"  >\n\t\t\t\t<div class=\"col-inner\"  >\n\t\t\t\n\t\t\t\n\t<div id=\"text-2369240835\" class=\"text\">\n\t\t\n\n<table id=\"tablepress-5\" class=\"tablepress tablepress-id-5\">\n<thead>\n<tr class=\"row-1\">\n\t<th colspan=\"2\" class=\"column-1\"><center>Standardgr\u00f6\u00dfe<\/center><\/th>\n<\/tr>\n<\/thead>\n<tbody class=\"row-striping row-hover\">\n<tr class=\"row-2\">\n\t<td class=\"column-1\">Metrisch<\/td><td class=\"column-2\">Kaiserlich<\/td>\n<\/tr>\n<tr class=\"row-3\">\n\t<td class=\"column-1\">2440*1220mm<\/td><td class=\"column-2\">8ft*4ft<\/td>\n<\/tr>\n<tr class=\"row-4\">\n\t<td class=\"column-1\">1525*1525mm<\/td><td class=\"column-2\">5ft*5ft<\/td>\n<\/tr>\n<tr class=\"row-5\">\n\t<td class=\"column-1\">1525*3050mm<\/td><td class=\"column-2\">5ft*10ft<\/td>\n<\/tr>\n<tr class=\"row-6\">\n\t<td class=\"column-1\">2500*1250mm<\/td><td class=\"column-2\"><\/td>\n<\/tr>\n<\/tbody>\n<\/table>\n<!-- #tablepress-5 from cache -->\n<p><strong>Andere Gr\u00f6\u00dfen auf Anfrage erh\u00e4ltlich<\/strong><br \/>\n\t\t\n<style>\n#text-2369240835 {\n  text-align: center;\n}\n<\/style>\n\t<\/div>\n\t\n\t\t<\/div>\n\t\t\t\t\n<style>\n#col-1769118752 > .col-inner {\n  padding: 0px 0px 0px 0px;\n}\n<\/style>\n\t<\/div>\n\n\t\n\n\t<div id=\"col-1062841651\" class=\"col medium-6 small-12 large-6\"  >\n\t\t\t\t<div class=\"col-inner\"  >\n\t\t\t\n\t\t\t\n\n<table id=\"tablepress-4\" class=\"tablepress tablepress-id-4\">\n<thead>\n<tr class=\"row-1\">\n\t<th colspan=\"2\" class=\"column-1\"><center>Gro\u00df Standard<\/center><\/th>\n<\/tr>\n<\/thead>\n<tbody class=\"row-striping row-hover\">\n<tr class=\"row-2\">\n\t<td class=\"column-1\">Metrisch<\/td><td class=\"column-2\">Kaiserlich<\/td>\n<\/tr>\n<tr class=\"row-3\">\n\t<td class=\"column-1\">1220*2745mm<\/td><td class=\"column-2\">4ft*9ft<\/td>\n<\/tr>\n<tr class=\"row-4\">\n\t<td class=\"column-1\">1220*3050mm<\/td><td class=\"column-2\">4ft*10ft<\/td>\n<\/tr>\n<tr class=\"row-5\">\n\t<td class=\"column-1\">1220*3340mm<\/td><td class=\"column-2\">4ft*11ft<\/td>\n<\/tr>\n<tr class=\"row-6\">\n\t<td class=\"column-1\">1220*3660mm<\/td><td class=\"column-2\">4ft*12ft<\/td>\n<\/tr>\n<tr class=\"row-7\">\n\t<td class=\"column-1\">1500*2500mm<\/td><td class=\"column-2\"><\/td>\n<\/tr>\n<tr class=\"row-8\">\n\t<td class=\"column-1\">1500*3000mm<\/td><td class=\"column-2\"><\/td>\n<\/tr>\n<tr class=\"row-9\">\n\t<td class=\"column-1\">1525*2745mm<\/td><td class=\"column-2\">5ft*9ft<\/td>\n<\/tr>\n<tr class=\"row-10\">\n\t<td class=\"column-1\">1525*3660mm<\/td><td class=\"column-2\">5ft*12ft<\/td>\n<\/tr>\n<\/tbody>\n<\/table>\n<!-- #tablepress-4 from cache -->\n\t\t<\/div>\n\t\t\t\t\t<\/div>\n\n\t\n<\/div>\n\t\t<\/div>\n\n\t\t\n<style>\n#section_1309989642 {\n  padding-top: 30px;\n  padding-bottom: 30px;\n}\n<\/style>\n\t<\/section>\n\t\n\t<section class=\"section\" id=\"section_2055521660\">\n\t\t<div class=\"bg section-bg fill bg-fill  bg-loaded\" >\n\n\t\t\t\n\t\t\t\n\t\t\t\n\n\t\t<\/div>\n\n\t\t\n\n\t\t<div class=\"section-content relative\">\n\t\t\t\n\t<div id=\"text-52611453\" class=\"text\">\n\t\t\n<h2>Glatter Film Info<\/h2>\n\t\t\n<style>\n#text-52611453 {\n  text-align: center;\n}\n<\/style>\n\t<\/div>\n\t\n\t<div id=\"gap-1876349050\" class=\"gap-element clearfix\" style=\"display:block; height:auto;\">\n\t\t\n<style>\n#gap-1876349050 {\n  padding-top: 30px;\n}\n<\/style>\n\t<\/div>\n\t\n<div class=\"row row-large align-center\"  id=\"row-1919937099\">\n\n\t<div id=\"col-1230128955\" class=\"col medium-3 small-12 large-3\"  >\n\t\t\t\t<div class=\"col-inner text-right\"  >\n\t\t\t\n\t\t\t\n\t<div id=\"text-1069754602\" class=\"text\">\n\t\t\n<h3><strong><b>Deckblatt<\/b><\/strong><\/h3>\n<ul>\n<li>Phenol- oder UV-best\u00e4ndige Folie wird hei\u00df auf die Oberfl\u00e4che gepresst<\/li>\n<li>Feuchtigkeits- und chemikalienbest\u00e4ndig.<\/li>\n<li>Wird nicht brechen<\/li>\n<\/ul>\n\t\t\n<style>\n#text-1069754602 {\n  text-align: left;\n}\n<\/style>\n\t<\/div>\n\t\n\t\t<\/div>\n\t\t\t\t\t<\/div>\n\n\t\n\n\t<div id=\"col-2097018154\" class=\"col medium-5 small-12 large-5\"  >\n\t\t\t\t<div class=\"col-inner\"  >\n\t\t\t\n\t\t\t\n\t<div class=\"img has-hover x md-x lg-x y md-y lg-y\" id=\"image_246913574\">\n\t\t\t\t\t\t\t\t<div class=\"img-inner image-cover dark\" style=\"padding-top:56.25%;\">\n\t\t\t<img loading=\"lazy\" decoding=\"async\" width=\"1000\" height=\"1000\" src=\"https:\/\/theplywoodfactory.com\/wp-content\/uploads\/2025\/03\/Smooth-Film.webp\" class=\"attachment-original size-original\" alt=\"Glatter Film\" srcset=\"https:\/\/theplywoodfactory.com\/wp-content\/uploads\/2025\/03\/Smooth-Film.webp 1000w, https:\/\/theplywoodfactory.com\/wp-content\/uploads\/2025\/03\/Smooth-Film-300x300.webp 300w, https:\/\/theplywoodfactory.com\/wp-content\/uploads\/2025\/03\/Smooth-Film-150x150.webp 150w, https:\/\/theplywoodfactory.com\/wp-content\/uploads\/2025\/03\/Smooth-Film-768x768.webp 768w, https:\/\/theplywoodfactory.com\/wp-content\/uploads\/2025\/03\/Smooth-Film-12x12.webp 12w, https:\/\/theplywoodfactory.com\/wp-content\/uploads\/2025\/03\/Smooth-Film-600x600.webp 600w, https:\/\/theplywoodfactory.com\/wp-content\/uploads\/2025\/03\/Smooth-Film-100x100.webp 100w\" sizes=\"auto, (max-width: 1000px) 100vw, 1000px\" \/>\t\t\t\t\t\t\n\t\t\t\t\t<\/div>\n\t\t\t\t\t\t\t\t\n<style>\n#image_246913574 {\n  width: 100%;\n}\n<\/style>\n\t<\/div>\n\t\n\t\t<\/div>\n\t\t\t\t\t<\/div>\n\n\t\n\n\t<div id=\"col-236836531\" class=\"col medium-3 small-12 large-3\"  >\n\t\t\t\t<div class=\"col-inner text-left\"  >\n\t\t\t\n\t\t\t\n\t<div id=\"text-2801411635\" class=\"text\">\n\t\t\n<h3><strong><b>Kantenversiegelung<\/b><\/strong><\/h3>\n<ul>\n<li>Acrylfarbe f\u00fcr den Au\u00dfenbereich, um das Eindringen von Feuchtigkeit zu verhindern<\/li>\n<li>Passend zur Phenol-Oberfl\u00e4chenfarbe<\/li>\n<\/ul>\n\t\t\n<style>\n#text-2801411635 {\n  text-align: left;\n}\n<\/style>\n\t<\/div>\n\t\n\t\t<\/div>\n\t\t\t\t\t<\/div>\n\n\t\n<\/div>\n\t\t<\/div>\n\n\t\t\n<style>\n#section_2055521660 {\n  padding-top: 30px;\n  padding-bottom: 30px;\n  background-color: rgb(246, 246, 246);\n}\n<\/style>\n\t<\/section>","protected":false},"excerpt":{"rendered":"<p>Kerntypen: 100% Birke<br \/>\nLeimarten: Leim f\u00fcr den Au\u00dfenbereich (Phenolharz)<br \/>\nFilmtypen: Mesh-Film<br \/>\nFilmgewicht: 120g; 240g; 440g<br \/>\nFeuchtigkeitsgehalt: 10% (+\/- 2%) nach EN315 und DIN 68705<br \/>\nGewicht\/Dichte: 640 - 700 kg\/m\u00b3<\/p>","protected":false},"featured_media":1922,"comment_status":"closed","ping_status":"closed","template":"","meta":[],"product_brand":[],"product_cat":[39],"product_tag":[],"class_list":{"0":"post-1998","1":"product","2":"type-product","3":"status-publish","4":"has-post-thumbnail","6":"product_cat-film-faced-birch-plywood","8":"first","9":"instock","10":"shipping-taxable","11":"product-type-simple"},"yoast_head":"<!-- This site is optimized with the Yoast SEO plugin v27.0 - https:\/\/yoast.com\/product\/yoast-seo-wordpress\/ -->\n<title>Premium Smooth Film Faced Birch Plywood | Plywood Supplier<\/title>\n<meta name=\"description\" content=\"High quality Baltic birch plywood with smooth phenolic film facing. Film-faced panels ideal for construction hoarding and other demanding exterior applications.\" \/>\n<meta name=\"robots\" content=\"index, follow, max-snippet:-1, max-image-preview:large, max-video-preview:-1\" \/>\n<link rel=\"canonical\" href=\"https:\/\/theplywoodfactory.com\/de\/manufacturer\/smooth-film-faced-birch-plywood\/\" \/>\n<meta property=\"og:locale\" content=\"de_DE\" \/>\n<meta property=\"og:type\" content=\"article\" \/>\n<meta property=\"og:title\" content=\"Premium Smooth Film Faced Birch Plywood | Plywood Supplier\" \/>\n<meta property=\"og:description\" content=\"High quality Baltic birch plywood with smooth phenolic film facing. Film-faced panels ideal for construction hoarding and other demanding exterior applications.\" \/>\n<meta property=\"og:url\" content=\"https:\/\/theplywoodfactory.com\/de\/manufacturer\/smooth-film-faced-birch-plywood\/\" \/>\n<meta property=\"og:site_name\" content=\"Plywood Factory\" \/>\n<meta property=\"article:modified_time\" content=\"2025-04-14T09:04:45+00:00\" \/>\n<meta property=\"og:image\" content=\"https:\/\/theplywoodfactory.com\/wp-content\/uploads\/2025\/03\/Smooth-Film.webp\" \/>\n\t<meta property=\"og:image:width\" content=\"1000\" \/>\n\t<meta property=\"og:image:height\" content=\"1000\" \/>\n\t<meta property=\"og:image:type\" content=\"image\/webp\" \/>\n<meta name=\"twitter:card\" content=\"summary_large_image\" \/>\n<meta name=\"twitter:label1\" content=\"Gesch\u00e4tzte Lesezeit\" \/>\n\t<meta name=\"twitter:data1\" content=\"2\u00a0Minuten\" \/>\n<script type=\"application\/ld+json\" class=\"yoast-schema-graph\">{\"@context\":\"https:\/\/schema.org\",\"@graph\":[{\"@type\":\"WebPage\",\"@id\":\"https:\/\/theplywoodfactory.com\/manufacturer\/smooth-film-faced-birch-plywood\/\",\"url\":\"https:\/\/theplywoodfactory.com\/manufacturer\/smooth-film-faced-birch-plywood\/\",\"name\":\"Premium Smooth Film Faced Birch Plywood | Plywood Supplier\",\"isPartOf\":{\"@id\":\"https:\/\/theplywoodfactory.com\/#website\"},\"primaryImageOfPage\":{\"@id\":\"https:\/\/theplywoodfactory.com\/manufacturer\/smooth-film-faced-birch-plywood\/#primaryimage\"},\"image\":{\"@id\":\"https:\/\/theplywoodfactory.com\/manufacturer\/smooth-film-faced-birch-plywood\/#primaryimage\"},\"thumbnailUrl\":\"https:\/\/theplywoodfactory.com\/wp-content\/uploads\/2025\/03\/Smooth-Film.webp\",\"datePublished\":\"2025-03-20T08:06:38+00:00\",\"dateModified\":\"2025-04-14T09:04:45+00:00\",\"description\":\"High quality Baltic birch plywood with smooth phenolic film facing. Film-faced panels ideal for construction hoarding and other demanding exterior applications.\",\"breadcrumb\":{\"@id\":\"https:\/\/theplywoodfactory.com\/manufacturer\/smooth-film-faced-birch-plywood\/#breadcrumb\"},\"inLanguage\":\"de\",\"potentialAction\":[{\"@type\":\"ReadAction\",\"target\":[\"https:\/\/theplywoodfactory.com\/manufacturer\/smooth-film-faced-birch-plywood\/\"]}]},{\"@type\":\"ImageObject\",\"inLanguage\":\"de\",\"@id\":\"https:\/\/theplywoodfactory.com\/manufacturer\/smooth-film-faced-birch-plywood\/#primaryimage\",\"url\":\"https:\/\/theplywoodfactory.com\/wp-content\/uploads\/2025\/03\/Smooth-Film.webp\",\"contentUrl\":\"https:\/\/theplywoodfactory.com\/wp-content\/uploads\/2025\/03\/Smooth-Film.webp\",\"width\":1000,\"height\":1000,\"caption\":\"Smooth Film\"},{\"@type\":\"BreadcrumbList\",\"@id\":\"https:\/\/theplywoodfactory.com\/manufacturer\/smooth-film-faced-birch-plywood\/#breadcrumb\",\"itemListElement\":[{\"@type\":\"ListItem\",\"position\":1,\"name\":\"Home\",\"item\":\"https:\/\/theplywoodfactory.com\/\"},{\"@type\":\"ListItem\",\"position\":2,\"name\":\"Products\",\"item\":\"https:\/\/theplywoodfactory.com\/shop\/\"},{\"@type\":\"ListItem\",\"position\":3,\"name\":\"Smooth Film Faced Birch Plywood\"}]},{\"@type\":\"WebSite\",\"@id\":\"https:\/\/theplywoodfactory.com\/#website\",\"url\":\"https:\/\/theplywoodfactory.com\/\",\"name\":\"Plywood Factory\",\"description\":\"\",\"publisher\":{\"@id\":\"https:\/\/theplywoodfactory.com\/#organization\"},\"potentialAction\":[{\"@type\":\"SearchAction\",\"target\":{\"@type\":\"EntryPoint\",\"urlTemplate\":\"https:\/\/theplywoodfactory.com\/?s={search_term_string}\"},\"query-input\":{\"@type\":\"PropertyValueSpecification\",\"valueRequired\":true,\"valueName\":\"search_term_string\"}}],\"inLanguage\":\"de\"},{\"@type\":\"Organization\",\"@id\":\"https:\/\/theplywoodfactory.com\/#organization\",\"name\":\"Linyi Bai Ze Yuan Wood Industry Co., Ltd.\",\"url\":\"https:\/\/theplywoodfactory.com\/\",\"logo\":{\"@type\":\"ImageObject\",\"inLanguage\":\"de\",\"@id\":\"https:\/\/theplywoodfactory.com\/#\/schema\/logo\/image\/\",\"url\":\"https:\/\/theplywoodfactory.com\/wp-content\/uploads\/2025\/02\/logo-1.webp\",\"contentUrl\":\"https:\/\/theplywoodfactory.com\/wp-content\/uploads\/2025\/02\/logo-1.webp\",\"width\":300,\"height\":300,\"caption\":\"Linyi Bai Ze Yuan Wood Industry Co., Ltd.\"},\"image\":{\"@id\":\"https:\/\/theplywoodfactory.com\/#\/schema\/logo\/image\/\"}}]}<\/script>\n<!-- \/ Yoast SEO plugin. -->","yoast_head_json":{"title":"Hochwertiges glattes filmbeschichtetes Birkensperrholz | Sperrholzlieferant","description":"Hochwertiges baltisches Birkensperrholz mit glatter Phenolfilm-Deckschicht. Die filmbeschichteten Platten sind ideal f\u00fcr Bauz\u00e4une und andere anspruchsvolle Au\u00dfenanwendungen.","robots":{"index":"index","follow":"follow","max-snippet":"max-snippet:-1","max-image-preview":"max-image-preview:large","max-video-preview":"max-video-preview:-1"},"canonical":"https:\/\/theplywoodfactory.com\/de\/manufacturer\/smooth-film-faced-birch-plywood\/","og_locale":"de_DE","og_type":"article","og_title":"Premium Smooth Film Faced Birch Plywood | Plywood Supplier","og_description":"High quality Baltic birch plywood with smooth phenolic film facing. Film-faced panels ideal for construction hoarding and other demanding exterior applications.","og_url":"https:\/\/theplywoodfactory.com\/de\/manufacturer\/smooth-film-faced-birch-plywood\/","og_site_name":"Plywood Factory","article_modified_time":"2025-04-14T09:04:45+00:00","og_image":[{"width":1000,"height":1000,"url":"https:\/\/theplywoodfactory.com\/wp-content\/uploads\/2025\/03\/Smooth-Film.webp","type":"image\/webp"}],"twitter_card":"summary_large_image","twitter_misc":{"Gesch\u00e4tzte Lesezeit":"2\u00a0Minuten"},"schema":{"@context":"https:\/\/schema.org","@graph":[{"@type":"WebPage","@id":"https:\/\/theplywoodfactory.com\/manufacturer\/smooth-film-faced-birch-plywood\/","url":"https:\/\/theplywoodfactory.com\/manufacturer\/smooth-film-faced-birch-plywood\/","name":"Hochwertiges glattes filmbeschichtetes Birkensperrholz | Sperrholzlieferant","isPartOf":{"@id":"https:\/\/theplywoodfactory.com\/#website"},"primaryImageOfPage":{"@id":"https:\/\/theplywoodfactory.com\/manufacturer\/smooth-film-faced-birch-plywood\/#primaryimage"},"image":{"@id":"https:\/\/theplywoodfactory.com\/manufacturer\/smooth-film-faced-birch-plywood\/#primaryimage"},"thumbnailUrl":"https:\/\/theplywoodfactory.com\/wp-content\/uploads\/2025\/03\/Smooth-Film.webp","datePublished":"2025-03-20T08:06:38+00:00","dateModified":"2025-04-14T09:04:45+00:00","description":"Hochwertiges baltisches Birkensperrholz mit glatter Phenolfilm-Deckschicht. Die filmbeschichteten Platten sind ideal f\u00fcr Bauz\u00e4une und andere anspruchsvolle Au\u00dfenanwendungen.","breadcrumb":{"@id":"https:\/\/theplywoodfactory.com\/manufacturer\/smooth-film-faced-birch-plywood\/#breadcrumb"},"inLanguage":"de","potentialAction":[{"@type":"ReadAction","target":["https:\/\/theplywoodfactory.com\/manufacturer\/smooth-film-faced-birch-plywood\/"]}]},{"@type":"ImageObject","inLanguage":"de","@id":"https:\/\/theplywoodfactory.com\/manufacturer\/smooth-film-faced-birch-plywood\/#primaryimage","url":"https:\/\/theplywoodfactory.com\/wp-content\/uploads\/2025\/03\/Smooth-Film.webp","contentUrl":"https:\/\/theplywoodfactory.com\/wp-content\/uploads\/2025\/03\/Smooth-Film.webp","width":1000,"height":1000,"caption":"Smooth Film"},{"@type":"BreadcrumbList","@id":"https:\/\/theplywoodfactory.com\/manufacturer\/smooth-film-faced-birch-plywood\/#breadcrumb","itemListElement":[{"@type":"ListItem","position":1,"name":"Home","item":"https:\/\/theplywoodfactory.com\/"},{"@type":"ListItem","position":2,"name":"Products","item":"https:\/\/theplywoodfactory.com\/shop\/"},{"@type":"ListItem","position":3,"name":"Smooth Film Faced Birch Plywood"}]},{"@type":"WebSite","@id":"https:\/\/theplywoodfactory.com\/#website","url":"https:\/\/theplywoodfactory.com\/","name":"Sperrholzfabrik","description":"","publisher":{"@id":"https:\/\/theplywoodfactory.com\/#organization"},"potentialAction":[{"@type":"SearchAction","target":{"@type":"EntryPoint","urlTemplate":"https:\/\/theplywoodfactory.com\/?s={search_term_string}"},"query-input":{"@type":"PropertyValueSpecification","valueRequired":true,"valueName":"search_term_string"}}],"inLanguage":"de"},{"@type":"Organization","@id":"https:\/\/theplywoodfactory.com\/#organization","name":"Linyi Bai Ze Yuan Wood Industry Co, Ltd.","url":"https:\/\/theplywoodfactory.com\/","logo":{"@type":"ImageObject","inLanguage":"de","@id":"https:\/\/theplywoodfactory.com\/#\/schema\/logo\/image\/","url":"https:\/\/theplywoodfactory.com\/wp-content\/uploads\/2025\/02\/logo-1.webp","contentUrl":"https:\/\/theplywoodfactory.com\/wp-content\/uploads\/2025\/02\/logo-1.webp","width":300,"height":300,"caption":"Linyi Bai Ze Yuan Wood Industry Co., Ltd."},"image":{"@id":"https:\/\/theplywoodfactory.com\/#\/schema\/logo\/image\/"}}]}},"_links":{"self":[{"href":"https:\/\/theplywoodfactory.com\/de\/wp-json\/wp\/v2\/product\/1998","targetHints":{"allow":["GET"]}}],"collection":[{"href":"https:\/\/theplywoodfactory.com\/de\/wp-json\/wp\/v2\/product"}],"about":[{"href":"https:\/\/theplywoodfactory.com\/de\/wp-json\/wp\/v2\/types\/product"}],"replies":[{"embeddable":true,"href":"https:\/\/theplywoodfactory.com\/de\/wp-json\/wp\/v2\/comments?post=1998"}],"wp:featuredmedia":[{"embeddable":true,"href":"https:\/\/theplywoodfactory.com\/de\/wp-json\/wp\/v2\/media\/1922"}],"wp:attachment":[{"href":"https:\/\/theplywoodfactory.com\/de\/wp-json\/wp\/v2\/media?parent=1998"}],"wp:term":[{"taxonomy":"product_brand","embeddable":true,"href":"https:\/\/theplywoodfactory.com\/de\/wp-json\/wp\/v2\/product_brand?post=1998"},{"taxonomy":"product_cat","embeddable":true,"href":"https:\/\/theplywoodfactory.com\/de\/wp-json\/wp\/v2\/product_cat?post=1998"},{"taxonomy":"product_tag","embeddable":true,"href":"https:\/\/theplywoodfactory.com\/de\/wp-json\/wp\/v2\/product_tag?post=1998"}],"curies":[{"name":"wp","href":"https:\/\/api.w.org\/{rel}","templated":true}]}}