{"id":1998,"date":"2025-03-20T08:06:38","date_gmt":"2025-03-20T08:06:38","guid":{"rendered":"https:\/\/theplywoodfactory.com\/?post_type=product&#038;p=1998"},"modified":"2025-04-14T09:04:45","modified_gmt":"2025-04-14T09:04:45","slug":"smooth-film-faced-birch-plywood","status":"publish","type":"product","link":"https:\/\/theplywoodfactory.com\/es\/manufacturer\/smooth-film-faced-birch-plywood\/","title":{"rendered":"Contrachapado liso de abedul revestido con pel\u00edcula"},"content":{"rendered":"<section class=\"section\" id=\"section_1827140190\">\n\t\t<div class=\"bg section-bg fill bg-fill  bg-loaded\" >\n\n\t\t\t\n\t\t\t\n\t\t\t\n\n\t\t<\/div>\n\n\t\t\n\n\t\t<div class=\"section-content relative\">\n\t\t\t\n<p><strong><b>Producto<\/b><\/strong><strong><b>: <\/b><\/strong>Contrachapado de abedul con revestimiento liso<\/p>\n<p><strong><b>Especies: <\/b><\/strong>100% Abedul<\/p>\n<p><strong><b>Espesor de la chapa: <\/b><\/strong>9 mm; 10 mm; 12 mm; 15 mm; 18 mm; 21 mm; 24 mm; 27 mm; 28 mm; 30 mm; 35 mm; 40 mm; 60 mm; 90 mm<\/p>\n<p><strong><b>C<\/b><\/strong><strong><b>Tipos de mineral:<\/b><\/strong>\u00a0100% Abedul;<\/p>\n<p><strong><b>Tipos de cola: <\/b><\/strong>Pegamento exterior (resina fen\u00f3lica)<\/p>\n<p><strong><b>F<\/b><\/strong><strong><b>ilm<\/b><\/strong><strong><b>\u00a0T<\/b><\/strong><strong><b>ype<\/b><\/strong><strong><b>s<\/b><\/strong><strong><b>: <\/b><\/strong>Pel\u00edcula lisa<\/p>\n<p><strong><b>F<\/b><\/strong><strong><b>ilm<\/b><\/strong><strong><b>\u00a0Peso<\/b><\/strong><strong><b>:<\/b><\/strong><strong><b>\u00a0<\/b><\/strong>120 g; 240 g; 440 g<\/p>\n<p><strong><b>F<\/b><\/strong><strong><b>ilm<\/b><\/strong><strong><b>\u00a0Colores<\/b><\/strong><strong><b>:<\/b><\/strong><strong><b>\u00a0<\/b><\/strong>Negro; Marr\u00f3n oscuro; Marr\u00f3n claro; Gris plateado; Gris claro; Azul; Verde; Amarillo<\/p>\n<p><strong><b>Contenido de humedad: <\/b><\/strong>10% (+\/- 2%) seg\u00fan EN315 y DIN 68705<\/p>\n<p><strong><b>Peso \/ Densidad:<\/b><\/strong>\u00a0640 - 700 kg\/m\u00b3<\/p>\n<p><strong><b>Formaldeh\u00eddo<\/b><\/strong><strong><b>:<\/b><\/strong>\u00a0Norma EN 13986<\/p>\n<p>La emisi\u00f3n de formaldeh\u00eddo cumple los requisitos de la clase E1 (m\u00e9todo de ensayo EN 717 Parte 2)<\/p>\n\t<div id=\"text-736620473\" class=\"text\">\n\t\t\n<h2><strong><b>Tama\u00f1os de las hojas<\/b><\/strong><\/h2>\n\t\t\n<style>\n#text-736620473 {\n  text-align: center;\n}\n<\/style>\n\t<\/div>\n\t\n<div class=\"row\"  id=\"row-388474136\">\n\n\t<div id=\"col-1167070796\" class=\"col medium-6 small-12 large-6\"  >\n\t\t\t\t<div class=\"col-inner\"  >\n\t\t\t\n\t\t\t\n\t<div id=\"text-4268648618\" class=\"text\">\n\t\t\n\n<table id=\"tablepress-5\" class=\"tablepress tablepress-id-5\">\n<thead>\n<tr class=\"row-1\">\n\t<th colspan=\"2\" class=\"column-1\"><center>Tama\u00f1o est\u00e1ndar<\/center><\/th>\n<\/tr>\n<\/thead>\n<tbody class=\"row-striping row-hover\">\n<tr class=\"row-2\">\n\t<td class=\"column-1\">M\u00e9trica<\/td><td class=\"column-2\">Imperial<\/td>\n<\/tr>\n<tr class=\"row-3\">\n\t<td class=\"column-1\">2440*1220mm<\/td><td class=\"column-2\">8 pies*4 pies<\/td>\n<\/tr>\n<tr class=\"row-4\">\n\t<td class=\"column-1\">1525*1525mm<\/td><td class=\"column-2\">5 pies*5 pies<\/td>\n<\/tr>\n<tr class=\"row-5\">\n\t<td class=\"column-1\">1525*3050mm<\/td><td class=\"column-2\">5 pies*10 pies<\/td>\n<\/tr>\n<tr class=\"row-6\">\n\t<td class=\"column-1\">2500*1250mm<\/td><td class=\"column-2\"><\/td>\n<\/tr>\n<\/tbody>\n<\/table>\n<!-- #tablepress-5 from cache -->\n<p><strong>Otros tama\u00f1os disponibles previa solicitud<\/strong><br \/>\n\t\t\n<style>\n#text-4268648618 {\n  text-align: center;\n}\n<\/style>\n\t<\/div>\n\t\n\t\t<\/div>\n\t\t\t\t\n<style>\n#col-1167070796 > .col-inner {\n  padding: 0px 0px 0px 0px;\n}\n<\/style>\n\t<\/div>\n\n\t\n\n\t<div id=\"col-798276859\" class=\"col medium-6 small-12 large-6\"  >\n\t\t\t\t<div class=\"col-inner\"  >\n\t\t\t\n\t\t\t\n\n<table id=\"tablepress-4\" class=\"tablepress tablepress-id-4\">\n<thead>\n<tr class=\"row-1\">\n\t<th colspan=\"2\" class=\"column-1\"><center>Est\u00e1ndar grande<\/center><\/th>\n<\/tr>\n<\/thead>\n<tbody class=\"row-striping row-hover\">\n<tr class=\"row-2\">\n\t<td class=\"column-1\">M\u00e9trica<\/td><td class=\"column-2\">Imperial<\/td>\n<\/tr>\n<tr class=\"row-3\">\n\t<td class=\"column-1\">1220*2745mm<\/td><td class=\"column-2\">4ft*9ft<\/td>\n<\/tr>\n<tr class=\"row-4\">\n\t<td class=\"column-1\">1220*3050mm<\/td><td class=\"column-2\">4 pies*10 pies<\/td>\n<\/tr>\n<tr class=\"row-5\">\n\t<td class=\"column-1\">1220*3340mm<\/td><td class=\"column-2\">4ft*11ft<\/td>\n<\/tr>\n<tr class=\"row-6\">\n\t<td class=\"column-1\">1220*3660mm<\/td><td class=\"column-2\">4 pies*12 pies<\/td>\n<\/tr>\n<tr class=\"row-7\">\n\t<td class=\"column-1\">1500*2500mm<\/td><td class=\"column-2\"><\/td>\n<\/tr>\n<tr class=\"row-8\">\n\t<td class=\"column-1\">1500*3000mm<\/td><td class=\"column-2\"><\/td>\n<\/tr>\n<tr class=\"row-9\">\n\t<td class=\"column-1\">1525*2745mm<\/td><td class=\"column-2\">5 pies*9 pies<\/td>\n<\/tr>\n<tr class=\"row-10\">\n\t<td class=\"column-1\">1525*3660mm<\/td><td class=\"column-2\">5 pies*12 pies<\/td>\n<\/tr>\n<\/tbody>\n<\/table>\n<!-- #tablepress-4 from cache -->\n\t\t<\/div>\n\t\t\t\t\t<\/div>\n\n\t\n<\/div>\n\t\t<\/div>\n\n\t\t\n<style>\n#section_1827140190 {\n  padding-top: 30px;\n  padding-bottom: 30px;\n}\n<\/style>\n\t<\/section>\n\t\n\t<section class=\"section\" id=\"section_399430983\">\n\t\t<div class=\"bg section-bg fill bg-fill  bg-loaded\" >\n\n\t\t\t\n\t\t\t\n\t\t\t\n\n\t\t<\/div>\n\n\t\t\n\n\t\t<div class=\"section-content relative\">\n\t\t\t\n\t<div id=\"text-1969470564\" class=\"text\">\n\t\t\n<h2>Smooth Film Info<\/h2>\n\t\t\n<style>\n#text-1969470564 {\n  text-align: center;\n}\n<\/style>\n\t<\/div>\n\t\n\t<div id=\"gap-537636178\" class=\"gap-element clearfix\" style=\"display:block; height:auto;\">\n\t\t\n<style>\n#gap-537636178 {\n  padding-top: 30px;\n}\n<\/style>\n\t<\/div>\n\t\n<div class=\"row row-large align-center\"  id=\"row-519020473\">\n\n\t<div id=\"col-734159315\" class=\"col medium-3 small-12 large-3\"  >\n\t\t\t\t<div class=\"col-inner text-right\"  >\n\t\t\t\n\t\t\t\n\t<div id=\"text-1913244049\" class=\"text\">\n\t\t\n<h3><strong><b>Cubrir<\/b><\/strong><\/h3>\n<ul>\n<li>La pel\u00edcula fen\u00f3lica o resistente a los rayos UV se prensa en caliente sobre la superficie<\/li>\n<li>Resistente a la humedad y a los productos qu\u00edmicos.<\/li>\n<li>No se agrieta<\/li>\n<\/ul>\n\t\t\n<style>\n#text-1913244049 {\n  text-align: left;\n}\n<\/style>\n\t<\/div>\n\t\n\t\t<\/div>\n\t\t\t\t\t<\/div>\n\n\t\n\n\t<div id=\"col-156796330\" class=\"col medium-5 small-12 large-5\"  >\n\t\t\t\t<div class=\"col-inner\"  >\n\t\t\t\n\t\t\t\n\t<div class=\"img has-hover x md-x lg-x y md-y lg-y\" id=\"image_893495701\">\n\t\t\t\t\t\t\t\t<div class=\"img-inner image-cover dark\" style=\"padding-top:56.25%;\">\n\t\t\t<img loading=\"lazy\" decoding=\"async\" width=\"1000\" height=\"1000\" src=\"https:\/\/theplywoodfactory.com\/wp-content\/uploads\/2025\/03\/Smooth-Film.webp\" class=\"attachment-original size-original\" alt=\"Pel\u00edcula lisa\" srcset=\"https:\/\/theplywoodfactory.com\/wp-content\/uploads\/2025\/03\/Smooth-Film.webp 1000w, https:\/\/theplywoodfactory.com\/wp-content\/uploads\/2025\/03\/Smooth-Film-300x300.webp 300w, https:\/\/theplywoodfactory.com\/wp-content\/uploads\/2025\/03\/Smooth-Film-150x150.webp 150w, https:\/\/theplywoodfactory.com\/wp-content\/uploads\/2025\/03\/Smooth-Film-768x768.webp 768w, https:\/\/theplywoodfactory.com\/wp-content\/uploads\/2025\/03\/Smooth-Film-12x12.webp 12w, https:\/\/theplywoodfactory.com\/wp-content\/uploads\/2025\/03\/Smooth-Film-600x600.webp 600w, https:\/\/theplywoodfactory.com\/wp-content\/uploads\/2025\/03\/Smooth-Film-100x100.webp 100w\" sizes=\"auto, (max-width: 1000px) 100vw, 1000px\" \/>\t\t\t\t\t\t\n\t\t\t\t\t<\/div>\n\t\t\t\t\t\t\t\t\n<style>\n#image_893495701 {\n  width: 100%;\n}\n<\/style>\n\t<\/div>\n\t\n\t\t<\/div>\n\t\t\t\t\t<\/div>\n\n\t\n\n\t<div id=\"col-731170665\" class=\"col medium-3 small-12 large-3\"  >\n\t\t\t\t<div class=\"col-inner text-left\"  >\n\t\t\t\n\t\t\t\n\t<div id=\"text-2272534062\" class=\"text\">\n\t\t\n<h3><strong><b>Sellado de bordes<\/b><\/strong><\/h3>\n<ul>\n<li>Pintura acr\u00edlica exterior para evitar la entrada de humedad<\/li>\n<li>Para igualar el color de la cara fen\u00f3lica<\/li>\n<\/ul>\n\t\t\n<style>\n#text-2272534062 {\n  text-align: left;\n}\n<\/style>\n\t<\/div>\n\t\n\t\t<\/div>\n\t\t\t\t\t<\/div>\n\n\t\n<\/div>\n\t\t<\/div>\n\n\t\t\n<style>\n#section_399430983 {\n  padding-top: 30px;\n  padding-bottom: 30px;\n  background-color: rgb(246, 246, 246);\n}\n<\/style>\n\t<\/section>","protected":false},"excerpt":{"rendered":"<p>Tipos de n\u00facleo: 100% Abedul<br \/>\nTipos de cola: Cola exterior (resina fen\u00f3lica)<br \/>\nTipos de pel\u00edcula: Film de malla<br \/>\nPeso de la pel\u00edcula: 120 g; 240 g; 440 g<br \/>\nContenido de humedad: 10% (+\/- 2%) seg\u00fan EN315 y DIN 68705<br \/>\nPeso \/ Densidad: 640 - 700 kg\/m\u00b3<\/p>","protected":false},"featured_media":1922,"comment_status":"closed","ping_status":"closed","template":"","meta":[],"product_brand":[],"product_cat":[39],"product_tag":[],"class_list":{"0":"post-1998","1":"product","2":"type-product","3":"status-publish","4":"has-post-thumbnail","6":"product_cat-film-faced-birch-plywood","8":"first","9":"instock","10":"shipping-taxable","11":"product-type-simple"},"yoast_head":"<!-- This site is optimized with the Yoast SEO plugin v27.0 - https:\/\/yoast.com\/product\/yoast-seo-wordpress\/ -->\n<title>Premium Smooth Film Faced Birch Plywood | Plywood Supplier<\/title>\n<meta name=\"description\" content=\"High quality Baltic birch plywood with smooth phenolic film facing. Film-faced panels ideal for construction hoarding and other demanding exterior applications.\" \/>\n<meta name=\"robots\" content=\"index, follow, max-snippet:-1, max-image-preview:large, max-video-preview:-1\" \/>\n<link rel=\"canonical\" href=\"https:\/\/theplywoodfactory.com\/es\/manufacturer\/smooth-film-faced-birch-plywood\/\" \/>\n<meta property=\"og:locale\" content=\"es_ES\" \/>\n<meta property=\"og:type\" content=\"article\" \/>\n<meta property=\"og:title\" content=\"Premium Smooth Film Faced Birch Plywood | Plywood Supplier\" \/>\n<meta property=\"og:description\" content=\"High quality Baltic birch plywood with smooth phenolic film facing. Film-faced panels ideal for construction hoarding and other demanding exterior applications.\" \/>\n<meta property=\"og:url\" content=\"https:\/\/theplywoodfactory.com\/es\/manufacturer\/smooth-film-faced-birch-plywood\/\" \/>\n<meta property=\"og:site_name\" content=\"Plywood Factory\" \/>\n<meta property=\"article:modified_time\" content=\"2025-04-14T09:04:45+00:00\" \/>\n<meta property=\"og:image\" content=\"https:\/\/theplywoodfactory.com\/wp-content\/uploads\/2025\/03\/Smooth-Film.webp\" \/>\n\t<meta property=\"og:image:width\" content=\"1000\" \/>\n\t<meta property=\"og:image:height\" content=\"1000\" \/>\n\t<meta property=\"og:image:type\" content=\"image\/webp\" \/>\n<meta name=\"twitter:card\" content=\"summary_large_image\" \/>\n<meta name=\"twitter:label1\" content=\"Tiempo de lectura\" \/>\n\t<meta name=\"twitter:data1\" content=\"2 minutos\" \/>\n<script type=\"application\/ld+json\" class=\"yoast-schema-graph\">{\"@context\":\"https:\/\/schema.org\",\"@graph\":[{\"@type\":\"WebPage\",\"@id\":\"https:\/\/theplywoodfactory.com\/manufacturer\/smooth-film-faced-birch-plywood\/\",\"url\":\"https:\/\/theplywoodfactory.com\/manufacturer\/smooth-film-faced-birch-plywood\/\",\"name\":\"Premium Smooth Film Faced Birch Plywood | Plywood Supplier\",\"isPartOf\":{\"@id\":\"https:\/\/theplywoodfactory.com\/#website\"},\"primaryImageOfPage\":{\"@id\":\"https:\/\/theplywoodfactory.com\/manufacturer\/smooth-film-faced-birch-plywood\/#primaryimage\"},\"image\":{\"@id\":\"https:\/\/theplywoodfactory.com\/manufacturer\/smooth-film-faced-birch-plywood\/#primaryimage\"},\"thumbnailUrl\":\"https:\/\/theplywoodfactory.com\/wp-content\/uploads\/2025\/03\/Smooth-Film.webp\",\"datePublished\":\"2025-03-20T08:06:38+00:00\",\"dateModified\":\"2025-04-14T09:04:45+00:00\",\"description\":\"High quality Baltic birch plywood with smooth phenolic film facing. Film-faced panels ideal for construction hoarding and other demanding exterior applications.\",\"breadcrumb\":{\"@id\":\"https:\/\/theplywoodfactory.com\/manufacturer\/smooth-film-faced-birch-plywood\/#breadcrumb\"},\"inLanguage\":\"es\",\"potentialAction\":[{\"@type\":\"ReadAction\",\"target\":[\"https:\/\/theplywoodfactory.com\/manufacturer\/smooth-film-faced-birch-plywood\/\"]}]},{\"@type\":\"ImageObject\",\"inLanguage\":\"es\",\"@id\":\"https:\/\/theplywoodfactory.com\/manufacturer\/smooth-film-faced-birch-plywood\/#primaryimage\",\"url\":\"https:\/\/theplywoodfactory.com\/wp-content\/uploads\/2025\/03\/Smooth-Film.webp\",\"contentUrl\":\"https:\/\/theplywoodfactory.com\/wp-content\/uploads\/2025\/03\/Smooth-Film.webp\",\"width\":1000,\"height\":1000,\"caption\":\"Smooth Film\"},{\"@type\":\"BreadcrumbList\",\"@id\":\"https:\/\/theplywoodfactory.com\/manufacturer\/smooth-film-faced-birch-plywood\/#breadcrumb\",\"itemListElement\":[{\"@type\":\"ListItem\",\"position\":1,\"name\":\"Home\",\"item\":\"https:\/\/theplywoodfactory.com\/\"},{\"@type\":\"ListItem\",\"position\":2,\"name\":\"Products\",\"item\":\"https:\/\/theplywoodfactory.com\/shop\/\"},{\"@type\":\"ListItem\",\"position\":3,\"name\":\"Smooth Film Faced Birch Plywood\"}]},{\"@type\":\"WebSite\",\"@id\":\"https:\/\/theplywoodfactory.com\/#website\",\"url\":\"https:\/\/theplywoodfactory.com\/\",\"name\":\"Plywood Factory\",\"description\":\"\",\"publisher\":{\"@id\":\"https:\/\/theplywoodfactory.com\/#organization\"},\"potentialAction\":[{\"@type\":\"SearchAction\",\"target\":{\"@type\":\"EntryPoint\",\"urlTemplate\":\"https:\/\/theplywoodfactory.com\/?s={search_term_string}\"},\"query-input\":{\"@type\":\"PropertyValueSpecification\",\"valueRequired\":true,\"valueName\":\"search_term_string\"}}],\"inLanguage\":\"es\"},{\"@type\":\"Organization\",\"@id\":\"https:\/\/theplywoodfactory.com\/#organization\",\"name\":\"Linyi Bai Ze Yuan Wood Industry Co., Ltd.\",\"url\":\"https:\/\/theplywoodfactory.com\/\",\"logo\":{\"@type\":\"ImageObject\",\"inLanguage\":\"es\",\"@id\":\"https:\/\/theplywoodfactory.com\/#\/schema\/logo\/image\/\",\"url\":\"https:\/\/theplywoodfactory.com\/wp-content\/uploads\/2025\/02\/logo-1.webp\",\"contentUrl\":\"https:\/\/theplywoodfactory.com\/wp-content\/uploads\/2025\/02\/logo-1.webp\",\"width\":300,\"height\":300,\"caption\":\"Linyi Bai Ze Yuan Wood Industry Co., Ltd.\"},\"image\":{\"@id\":\"https:\/\/theplywoodfactory.com\/#\/schema\/logo\/image\/\"}}]}<\/script>\n<!-- \/ Yoast SEO plugin. -->","yoast_head_json":{"title":"Contrachapado de abedul liso de alta calidad | Proveedor de contrachapado","description":"Contrachapado de abedul b\u00e1ltico de alta calidad con revestimiento de pel\u00edcula fen\u00f3lica lisa. Los paneles con revestimiento de pel\u00edcula son ideales para vallas de construcci\u00f3n y otras aplicaciones exteriores exigentes.","robots":{"index":"index","follow":"follow","max-snippet":"max-snippet:-1","max-image-preview":"max-image-preview:large","max-video-preview":"max-video-preview:-1"},"canonical":"https:\/\/theplywoodfactory.com\/es\/manufacturer\/smooth-film-faced-birch-plywood\/","og_locale":"es_ES","og_type":"article","og_title":"Premium Smooth Film Faced Birch Plywood | Plywood Supplier","og_description":"High quality Baltic birch plywood with smooth phenolic film facing. Film-faced panels ideal for construction hoarding and other demanding exterior applications.","og_url":"https:\/\/theplywoodfactory.com\/es\/manufacturer\/smooth-film-faced-birch-plywood\/","og_site_name":"Plywood Factory","article_modified_time":"2025-04-14T09:04:45+00:00","og_image":[{"width":1000,"height":1000,"url":"https:\/\/theplywoodfactory.com\/wp-content\/uploads\/2025\/03\/Smooth-Film.webp","type":"image\/webp"}],"twitter_card":"summary_large_image","twitter_misc":{"Tiempo de lectura":"2 minutos"},"schema":{"@context":"https:\/\/schema.org","@graph":[{"@type":"WebPage","@id":"https:\/\/theplywoodfactory.com\/manufacturer\/smooth-film-faced-birch-plywood\/","url":"https:\/\/theplywoodfactory.com\/manufacturer\/smooth-film-faced-birch-plywood\/","name":"Contrachapado de abedul liso de alta calidad | Proveedor de contrachapado","isPartOf":{"@id":"https:\/\/theplywoodfactory.com\/#website"},"primaryImageOfPage":{"@id":"https:\/\/theplywoodfactory.com\/manufacturer\/smooth-film-faced-birch-plywood\/#primaryimage"},"image":{"@id":"https:\/\/theplywoodfactory.com\/manufacturer\/smooth-film-faced-birch-plywood\/#primaryimage"},"thumbnailUrl":"https:\/\/theplywoodfactory.com\/wp-content\/uploads\/2025\/03\/Smooth-Film.webp","datePublished":"2025-03-20T08:06:38+00:00","dateModified":"2025-04-14T09:04:45+00:00","description":"Contrachapado de abedul b\u00e1ltico de alta calidad con revestimiento de pel\u00edcula fen\u00f3lica lisa. Los paneles con revestimiento de pel\u00edcula son ideales para vallas de construcci\u00f3n y otras aplicaciones exteriores exigentes.","breadcrumb":{"@id":"https:\/\/theplywoodfactory.com\/manufacturer\/smooth-film-faced-birch-plywood\/#breadcrumb"},"inLanguage":"es","potentialAction":[{"@type":"ReadAction","target":["https:\/\/theplywoodfactory.com\/manufacturer\/smooth-film-faced-birch-plywood\/"]}]},{"@type":"ImageObject","inLanguage":"es","@id":"https:\/\/theplywoodfactory.com\/manufacturer\/smooth-film-faced-birch-plywood\/#primaryimage","url":"https:\/\/theplywoodfactory.com\/wp-content\/uploads\/2025\/03\/Smooth-Film.webp","contentUrl":"https:\/\/theplywoodfactory.com\/wp-content\/uploads\/2025\/03\/Smooth-Film.webp","width":1000,"height":1000,"caption":"Smooth Film"},{"@type":"BreadcrumbList","@id":"https:\/\/theplywoodfactory.com\/manufacturer\/smooth-film-faced-birch-plywood\/#breadcrumb","itemListElement":[{"@type":"ListItem","position":1,"name":"Home","item":"https:\/\/theplywoodfactory.com\/"},{"@type":"ListItem","position":2,"name":"Products","item":"https:\/\/theplywoodfactory.com\/shop\/"},{"@type":"ListItem","position":3,"name":"Smooth Film Faced Birch Plywood"}]},{"@type":"WebSite","@id":"https:\/\/theplywoodfactory.com\/#website","url":"https:\/\/theplywoodfactory.com\/","name":"F\u00e1brica de contrachapado","description":"","publisher":{"@id":"https:\/\/theplywoodfactory.com\/#organization"},"potentialAction":[{"@type":"SearchAction","target":{"@type":"EntryPoint","urlTemplate":"https:\/\/theplywoodfactory.com\/?s={search_term_string}"},"query-input":{"@type":"PropertyValueSpecification","valueRequired":true,"valueName":"search_term_string"}}],"inLanguage":"es"},{"@type":"Organization","@id":"https:\/\/theplywoodfactory.com\/#organization","name":"Linyi Bai Ze Yuan Wood Industry Co.","url":"https:\/\/theplywoodfactory.com\/","logo":{"@type":"ImageObject","inLanguage":"es","@id":"https:\/\/theplywoodfactory.com\/#\/schema\/logo\/image\/","url":"https:\/\/theplywoodfactory.com\/wp-content\/uploads\/2025\/02\/logo-1.webp","contentUrl":"https:\/\/theplywoodfactory.com\/wp-content\/uploads\/2025\/02\/logo-1.webp","width":300,"height":300,"caption":"Linyi Bai Ze Yuan Wood Industry Co., Ltd."},"image":{"@id":"https:\/\/theplywoodfactory.com\/#\/schema\/logo\/image\/"}}]}},"_links":{"self":[{"href":"https:\/\/theplywoodfactory.com\/es\/wp-json\/wp\/v2\/product\/1998","targetHints":{"allow":["GET"]}}],"collection":[{"href":"https:\/\/theplywoodfactory.com\/es\/wp-json\/wp\/v2\/product"}],"about":[{"href":"https:\/\/theplywoodfactory.com\/es\/wp-json\/wp\/v2\/types\/product"}],"replies":[{"embeddable":true,"href":"https:\/\/theplywoodfactory.com\/es\/wp-json\/wp\/v2\/comments?post=1998"}],"wp:featuredmedia":[{"embeddable":true,"href":"https:\/\/theplywoodfactory.com\/es\/wp-json\/wp\/v2\/media\/1922"}],"wp:attachment":[{"href":"https:\/\/theplywoodfactory.com\/es\/wp-json\/wp\/v2\/media?parent=1998"}],"wp:term":[{"taxonomy":"product_brand","embeddable":true,"href":"https:\/\/theplywoodfactory.com\/es\/wp-json\/wp\/v2\/product_brand?post=1998"},{"taxonomy":"product_cat","embeddable":true,"href":"https:\/\/theplywoodfactory.com\/es\/wp-json\/wp\/v2\/product_cat?post=1998"},{"taxonomy":"product_tag","embeddable":true,"href":"https:\/\/theplywoodfactory.com\/es\/wp-json\/wp\/v2\/product_tag?post=1998"}],"curies":[{"name":"wp","href":"https:\/\/api.w.org\/{rel}","templated":true}]}}