{"id":1852,"date":"2025-03-13T15:00:37","date_gmt":"2025-03-13T15:00:37","guid":{"rendered":"https:\/\/theplywoodfactory.com\/?post_type=product&#038;p=1852"},"modified":"2025-04-13T14:58:07","modified_gmt":"2025-04-13T14:58:07","slug":"mesh-film-faced-birch-plywood","status":"publish","type":"product","link":"https:\/\/theplywoodfactory.com\/pl\/manufacturer\/mesh-film-faced-birch-plywood\/","title":{"rendered":"Sklejka brzozowa pokryta foli\u0105 siatkow\u0105"},"content":{"rendered":"<section class=\"section\" id=\"section_1762387381\">\n\t\t<div class=\"bg section-bg fill bg-fill  bg-loaded\" >\n\n\t\t\t\n\t\t\t\n\t\t\t\n\n\t\t<\/div>\n\n\t\t\n\n\t\t<div class=\"section-content relative\">\n\t\t\t\n<p><strong><b>Produkt<\/b><\/strong><strong><b>:<\/b><\/strong> Sklejka brzozowa z pow\u0142ok\u0105 siatkow\u0105<\/p>\n<p><strong><b>Gatunek: <\/b><\/strong>100% Brzoza<\/p>\n<p><strong><b>Grubo\u015b\u0107 blachy: <\/b><\/strong>9mm; 10mm; 12mmmm; 15mm; 18mm; 21mm; 24mm; 27mm; 28mm; 30mm; 35mm; 40mm; 60mm; 90mm<\/p>\n<p><strong><b>C<\/b><\/strong><strong><b>Rodzaje rudy:<\/b><\/strong>\u00a0100% Birch;<\/p>\n<p><strong><b>Rodzaje kleju: <\/b><\/strong>Klej zewn\u0119trzny (\u017cywica fenolowa)<\/p>\n<p><strong><b>F<\/b><\/strong><strong><b>ilm<\/b><\/strong><strong><b>\u00a0T<\/b><\/strong><strong><b>typ<\/b><\/strong><strong><b>s<\/b><\/strong><strong><b>:<\/b><\/strong> Mesh Film;<\/p>\n<p><strong><b>F<\/b><\/strong><strong><b>ilm<\/b><\/strong><strong><b>\u00a0Waga<\/b><\/strong><strong><b>:<\/b><\/strong><strong><b>\u00a0<\/b><\/strong>120g; 240g; 440g<\/p>\n<p><strong><b>F<\/b><\/strong><strong><b>ilm<\/b><\/strong><strong><b>\u00a0Kolory<\/b><\/strong><strong><b>:<\/b><\/strong><strong><b>\u00a0<\/b><\/strong>Czarny; Ciemnobr\u0105zowy; Jasnobr\u0105zowy; Srebrnoszary; Jasnoszary; Niebieski; Zielony; \u017b\u00f3\u0142ty<\/p>\n<p><strong><b>Wilgotno\u015b\u0107: <\/b><\/strong>10% (+\/- 2%) zgodnie z EN315 i DIN 68705<\/p>\n<p><strong><b>Waga \/ g\u0119sto\u015b\u0107:<\/b><\/strong>\u00a0640 - 700 kg\/m\u00b3<\/p>\n<p><strong><b>Formaldehyd<\/b><\/strong><strong><b>:<\/b><\/strong>\u00a0Norma EN 13986<\/p>\n<p>Emisja formaldehydu spe\u0142nia wymagania klasy E1 (metoda testowa EN 717 cz\u0119\u015b\u0107 2).<\/p>\n\t<div id=\"text-2344533076\" class=\"text\">\n\t\t\n<h2><strong><b>Rozmiary arkuszy<\/b><\/strong><\/h2>\n\t\t\n<style>\n#text-2344533076 {\n  text-align: center;\n}\n<\/style>\n\t<\/div>\n\t\n<div class=\"row\"  id=\"row-744199426\">\n\n\t<div id=\"col-1481588841\" class=\"col medium-6 small-12 large-6\"  >\n\t\t\t\t<div class=\"col-inner\"  >\n\t\t\t\n\t\t\t\n\t<div id=\"text-3540604055\" class=\"text\">\n\t\t\n\n<table id=\"tablepress-5\" class=\"tablepress tablepress-id-5\">\n<thead>\n<tr class=\"row-1\">\n\t<th colspan=\"2\" class=\"column-1\"><center>Rozmiar standardowy<\/center><\/th>\n<\/tr>\n<\/thead>\n<tbody class=\"row-striping row-hover\">\n<tr class=\"row-2\">\n\t<td class=\"column-1\">Metryczny<\/td><td class=\"column-2\">Imperial<\/td>\n<\/tr>\n<tr class=\"row-3\">\n\t<td class=\"column-1\">2440*1220mm<\/td><td class=\"column-2\">8ft*4ft<\/td>\n<\/tr>\n<tr class=\"row-4\">\n\t<td class=\"column-1\">1525*1525 mm<\/td><td class=\"column-2\">5ft*5ft<\/td>\n<\/tr>\n<tr class=\"row-5\">\n\t<td class=\"column-1\">1525*3050mm<\/td><td class=\"column-2\">5ft*10ft<\/td>\n<\/tr>\n<tr class=\"row-6\">\n\t<td class=\"column-1\">2500*1250mm<\/td><td class=\"column-2\"><\/td>\n<\/tr>\n<\/tbody>\n<\/table>\n<!-- #tablepress-5 from cache -->\n<p><strong>Inne rozmiary dost\u0119pne na \u017cyczenie<\/strong><br \/>\n\t\t\n<style>\n#text-3540604055 {\n  text-align: center;\n}\n<\/style>\n\t<\/div>\n\t\n\t\t<\/div>\n\t\t\t\t\n<style>\n#col-1481588841 > .col-inner {\n  padding: 0px 0px 0px 0px;\n}\n<\/style>\n\t<\/div>\n\n\t\n\n\t<div id=\"col-1411317483\" class=\"col medium-6 small-12 large-6\"  >\n\t\t\t\t<div class=\"col-inner\"  >\n\t\t\t\n\t\t\t\n\n<table id=\"tablepress-4\" class=\"tablepress tablepress-id-4\">\n<thead>\n<tr class=\"row-1\">\n\t<th colspan=\"2\" class=\"column-1\"><center>Du\u017cy standard<\/center><\/th>\n<\/tr>\n<\/thead>\n<tbody class=\"row-striping row-hover\">\n<tr class=\"row-2\">\n\t<td class=\"column-1\">Metryczny<\/td><td class=\"column-2\">Imperial<\/td>\n<\/tr>\n<tr class=\"row-3\">\n\t<td class=\"column-1\">1220*2745mm<\/td><td class=\"column-2\">4ft*9ft<\/td>\n<\/tr>\n<tr class=\"row-4\">\n\t<td class=\"column-1\">1220*3050mm<\/td><td class=\"column-2\">4ft*10ft<\/td>\n<\/tr>\n<tr class=\"row-5\">\n\t<td class=\"column-1\">1220*3340mm<\/td><td class=\"column-2\">4ft*11ft<\/td>\n<\/tr>\n<tr class=\"row-6\">\n\t<td class=\"column-1\">1220*3660 mm<\/td><td class=\"column-2\">4ft*12ft<\/td>\n<\/tr>\n<tr class=\"row-7\">\n\t<td class=\"column-1\">1500*2500 mm<\/td><td class=\"column-2\"><\/td>\n<\/tr>\n<tr class=\"row-8\">\n\t<td class=\"column-1\">1500*3000 mm<\/td><td class=\"column-2\"><\/td>\n<\/tr>\n<tr class=\"row-9\">\n\t<td class=\"column-1\">1525*2745mm<\/td><td class=\"column-2\">5ft*9ft<\/td>\n<\/tr>\n<tr class=\"row-10\">\n\t<td class=\"column-1\">1525*3660 mm<\/td><td class=\"column-2\">5ft*12ft<\/td>\n<\/tr>\n<\/tbody>\n<\/table>\n<!-- #tablepress-4 from cache -->\n\t\t<\/div>\n\t\t\t\t\t<\/div>\n\n\t\n<\/div>\n\t\t<\/div>\n\n\t\t\n<style>\n#section_1762387381 {\n  padding-top: 30px;\n  padding-bottom: 30px;\n}\n<\/style>\n\t<\/section>\n\t\n\t<section class=\"section\" id=\"section_1148686917\">\n\t\t<div class=\"bg section-bg fill bg-fill  bg-loaded\" >\n\n\t\t\t\n\t\t\t\n\t\t\t\n\n\t\t<\/div>\n\n\t\t\n\n\t\t<div class=\"section-content relative\">\n\t\t\t\n\t<div id=\"text-2643095029\" class=\"text\">\n\t\t\n<h2>Informacje o folii Mesh Face<\/h2>\n\t\t\n<style>\n#text-2643095029 {\n  text-align: center;\n}\n<\/style>\n\t<\/div>\n\t\n\t<div id=\"gap-205014629\" class=\"gap-element clearfix\" style=\"display:block; height:auto;\">\n\t\t\n<style>\n#gap-205014629 {\n  padding-top: 30px;\n}\n<\/style>\n\t<\/div>\n\t\n<div class=\"row row-large align-center\"  id=\"row-1553505197\">\n\n\t<div id=\"col-320209879\" class=\"col medium-3 small-12 large-3\"  >\n\t\t\t\t<div class=\"col-inner text-right\"  >\n\t\t\t\n\t\t\t\n\t<div id=\"text-4004278411\" class=\"text\">\n\t\t\n<h3><strong><b>Pokrycie<\/b><\/strong><\/h3>\n<ul>\n<li>Folia fenolowa lub odporna na promieniowanie UV jest dociskana do powierzchni na gor\u0105co.<\/li>\n<li>Odporno\u015b\u0107 na wilgo\u0107 i chemikalia.<\/li>\n<li>Nie p\u0119ka<\/li>\n<\/ul>\n\t\t\n<style>\n#text-4004278411 {\n  text-align: left;\n}\n<\/style>\n\t<\/div>\n\t\n\t\t<\/div>\n\t\t\t\t\t<\/div>\n\n\t\n\n\t<div id=\"col-1267408543\" class=\"col medium-5 small-12 large-5\"  >\n\t\t\t\t<div class=\"col-inner\"  >\n\t\t\t\n\t\t\t\n\t<div class=\"img has-hover x md-x lg-x y md-y lg-y\" id=\"image_128154655\">\n\t\t\t\t\t\t\t\t<div class=\"img-inner image-cover dark\" style=\"padding-top:56.25%;\">\n\t\t\t<img loading=\"lazy\" decoding=\"async\" width=\"486\" height=\"400\" src=\"https:\/\/theplywoodfactory.com\/wp-content\/uploads\/2025\/03\/mesh-Face-Film-Info.webp\" class=\"attachment-original size-original\" alt=\"\" srcset=\"https:\/\/theplywoodfactory.com\/wp-content\/uploads\/2025\/03\/mesh-Face-Film-Info.webp 486w, https:\/\/theplywoodfactory.com\/wp-content\/uploads\/2025\/03\/mesh-Face-Film-Info-300x247.webp 300w, https:\/\/theplywoodfactory.com\/wp-content\/uploads\/2025\/03\/mesh-Face-Film-Info-15x12.webp 15w\" sizes=\"auto, (max-width: 486px) 100vw, 486px\" \/>\t\t\t\t\t\t\n\t\t\t\t\t<\/div>\n\t\t\t\t\t\t\t\t\n<style>\n#image_128154655 {\n  width: 100%;\n}\n<\/style>\n\t<\/div>\n\t\n\t\t<\/div>\n\t\t\t\t\t<\/div>\n\n\t\n\n\t<div id=\"col-258947415\" class=\"col medium-3 small-12 large-3\"  >\n\t\t\t\t<div class=\"col-inner text-left\"  >\n\t\t\t\n\t\t\t\n\t<div id=\"text-1690995603\" class=\"text\">\n\t\t\n<h3><strong><b>Uszczelnienie kraw\u0119dzi<\/b><\/strong><\/h3>\n<ul>\n<li>Zewn\u0119trzna farba akrylowa zapobiegaj\u0105ca wnikaniu wilgoci<\/li>\n<li>Aby dopasowa\u0107 kolor powierzchni fenolowej<\/li>\n<\/ul>\n\t\t\n<style>\n#text-1690995603 {\n  text-align: left;\n}\n<\/style>\n\t<\/div>\n\t\n\t\t<\/div>\n\t\t\t\t\t<\/div>\n\n\t\n<\/div>\n\t\t<\/div>\n\n\t\t\n<style>\n#section_1148686917 {\n  padding-top: 30px;\n  padding-bottom: 30px;\n  background-color: rgb(246, 246, 246);\n}\n<\/style>\n\t<\/section>","protected":false},"excerpt":{"rendered":"<p>Rodzaje rdzenia: 100% Brzoza<br \/>\nRodzaje kleju: Klej zewn\u0119trzny (\u017cywica fenolowa)<br \/>\nRodzaje folii: Folia siatkowa<br \/>\nWaga filmu: 120g; 240g; 440g<br \/>\nWilgotno\u015b\u0107: 10% (+\/- 2%) wg EN315 i DIN 68705<br \/>\nWaga \/ G\u0119sto\u015b\u0107: 640 - 700 kg\/m\u00b3<\/p>","protected":false},"featured_media":1944,"comment_status":"closed","ping_status":"closed","template":"","meta":[],"product_brand":[],"product_cat":[39],"product_tag":[],"class_list":{"0":"post-1852","1":"product","2":"type-product","3":"status-publish","4":"has-post-thumbnail","6":"product_cat-film-faced-birch-plywood","8":"first","9":"instock","10":"shipping-taxable","11":"product-type-simple"},"yoast_head":"<!-- This site is optimized with the Yoast SEO plugin v27.0 - https:\/\/yoast.com\/product\/yoast-seo-wordpress\/ -->\n<title>Anti-Slip Mesh Film Faced Birch Plywood | Chinese Supplier<\/title>\n<meta name=\"description\" content=\"Premium mesh film faced plywood with phenolic surface.Baltic birch mesh plywood panels offer non-slip performance for construction and industrial applications.\" \/>\n<meta name=\"robots\" content=\"index, follow, max-snippet:-1, max-image-preview:large, max-video-preview:-1\" \/>\n<link rel=\"canonical\" href=\"https:\/\/theplywoodfactory.com\/pl\/manufacturer\/mesh-film-faced-birch-plywood\/\" \/>\n<meta property=\"og:locale\" content=\"pl_PL\" \/>\n<meta property=\"og:type\" content=\"article\" \/>\n<meta property=\"og:title\" content=\"Anti-Slip Mesh Film Faced Birch Plywood | Chinese Supplier\" \/>\n<meta property=\"og:description\" content=\"Premium mesh film faced plywood with phenolic surface.Baltic birch mesh plywood panels offer non-slip performance for construction and industrial applications.\" \/>\n<meta property=\"og:url\" content=\"https:\/\/theplywoodfactory.com\/pl\/manufacturer\/mesh-film-faced-birch-plywood\/\" \/>\n<meta property=\"og:site_name\" content=\"Plywood Factory\" \/>\n<meta property=\"article:modified_time\" content=\"2025-04-13T14:58:07+00:00\" \/>\n<meta property=\"og:image\" content=\"https:\/\/theplywoodfactory.com\/wp-content\/uploads\/2025\/03\/Mesh-Film-birch-plywood.webp\" \/>\n\t<meta property=\"og:image:width\" content=\"1000\" \/>\n\t<meta property=\"og:image:height\" content=\"1000\" \/>\n\t<meta property=\"og:image:type\" content=\"image\/webp\" \/>\n<meta name=\"twitter:card\" content=\"summary_large_image\" \/>\n<meta name=\"twitter:label1\" content=\"Szacowany czas czytania\" \/>\n\t<meta name=\"twitter:data1\" content=\"2 minuty\" \/>\n<script type=\"application\/ld+json\" class=\"yoast-schema-graph\">{\"@context\":\"https:\/\/schema.org\",\"@graph\":[{\"@type\":\"WebPage\",\"@id\":\"https:\/\/theplywoodfactory.com\/manufacturer\/mesh-film-faced-birch-plywood\/\",\"url\":\"https:\/\/theplywoodfactory.com\/manufacturer\/mesh-film-faced-birch-plywood\/\",\"name\":\"Anti-Slip Mesh Film Faced Birch Plywood | Chinese Supplier\",\"isPartOf\":{\"@id\":\"https:\/\/theplywoodfactory.com\/#website\"},\"primaryImageOfPage\":{\"@id\":\"https:\/\/theplywoodfactory.com\/manufacturer\/mesh-film-faced-birch-plywood\/#primaryimage\"},\"image\":{\"@id\":\"https:\/\/theplywoodfactory.com\/manufacturer\/mesh-film-faced-birch-plywood\/#primaryimage\"},\"thumbnailUrl\":\"https:\/\/theplywoodfactory.com\/wp-content\/uploads\/2025\/03\/Mesh-Film-birch-plywood.webp\",\"datePublished\":\"2025-03-13T15:00:37+00:00\",\"dateModified\":\"2025-04-13T14:58:07+00:00\",\"description\":\"Premium mesh film faced plywood with phenolic surface.Baltic birch mesh plywood panels offer non-slip performance for construction and industrial applications.\",\"breadcrumb\":{\"@id\":\"https:\/\/theplywoodfactory.com\/manufacturer\/mesh-film-faced-birch-plywood\/#breadcrumb\"},\"inLanguage\":\"pl-PL\",\"potentialAction\":[{\"@type\":\"ReadAction\",\"target\":[\"https:\/\/theplywoodfactory.com\/manufacturer\/mesh-film-faced-birch-plywood\/\"]}]},{\"@type\":\"ImageObject\",\"inLanguage\":\"pl-PL\",\"@id\":\"https:\/\/theplywoodfactory.com\/manufacturer\/mesh-film-faced-birch-plywood\/#primaryimage\",\"url\":\"https:\/\/theplywoodfactory.com\/wp-content\/uploads\/2025\/03\/Mesh-Film-birch-plywood.webp\",\"contentUrl\":\"https:\/\/theplywoodfactory.com\/wp-content\/uploads\/2025\/03\/Mesh-Film-birch-plywood.webp\",\"width\":1000,\"height\":1000,\"caption\":\"Mesh Film birch plywood\"},{\"@type\":\"BreadcrumbList\",\"@id\":\"https:\/\/theplywoodfactory.com\/manufacturer\/mesh-film-faced-birch-plywood\/#breadcrumb\",\"itemListElement\":[{\"@type\":\"ListItem\",\"position\":1,\"name\":\"Home\",\"item\":\"https:\/\/theplywoodfactory.com\/\"},{\"@type\":\"ListItem\",\"position\":2,\"name\":\"Products\",\"item\":\"https:\/\/theplywoodfactory.com\/shop\/\"},{\"@type\":\"ListItem\",\"position\":3,\"name\":\"Mesh Film Faced Birch Plywood\"}]},{\"@type\":\"WebSite\",\"@id\":\"https:\/\/theplywoodfactory.com\/#website\",\"url\":\"https:\/\/theplywoodfactory.com\/\",\"name\":\"Plywood Factory\",\"description\":\"\",\"publisher\":{\"@id\":\"https:\/\/theplywoodfactory.com\/#organization\"},\"potentialAction\":[{\"@type\":\"SearchAction\",\"target\":{\"@type\":\"EntryPoint\",\"urlTemplate\":\"https:\/\/theplywoodfactory.com\/?s={search_term_string}\"},\"query-input\":{\"@type\":\"PropertyValueSpecification\",\"valueRequired\":true,\"valueName\":\"search_term_string\"}}],\"inLanguage\":\"pl-PL\"},{\"@type\":\"Organization\",\"@id\":\"https:\/\/theplywoodfactory.com\/#organization\",\"name\":\"Linyi Bai Ze Yuan Wood Industry Co., Ltd.\",\"url\":\"https:\/\/theplywoodfactory.com\/\",\"logo\":{\"@type\":\"ImageObject\",\"inLanguage\":\"pl-PL\",\"@id\":\"https:\/\/theplywoodfactory.com\/#\/schema\/logo\/image\/\",\"url\":\"https:\/\/theplywoodfactory.com\/wp-content\/uploads\/2025\/02\/logo-1.webp\",\"contentUrl\":\"https:\/\/theplywoodfactory.com\/wp-content\/uploads\/2025\/02\/logo-1.webp\",\"width\":300,\"height\":300,\"caption\":\"Linyi Bai Ze Yuan Wood Industry Co., Ltd.\"},\"image\":{\"@id\":\"https:\/\/theplywoodfactory.com\/#\/schema\/logo\/image\/\"}}]}<\/script>\n<!-- \/ Yoast SEO plugin. -->","yoast_head_json":{"title":"Antypo\u015blizgowa sklejka brzozowa pokryta siatk\u0105 | Chi\u0144ski dostawca","description":"Wysokiej jako\u015bci sklejka z pow\u0142ok\u0105 z siatki z powierzchni\u0105 fenolow\u0105. Panele ze sklejki z siatki z brzozy ba\u0142tyckiej zapewniaj\u0105 w\u0142a\u015bciwo\u015bci antypo\u015blizgowe w zastosowaniach budowlanych i przemys\u0142owych.","robots":{"index":"index","follow":"follow","max-snippet":"max-snippet:-1","max-image-preview":"max-image-preview:large","max-video-preview":"max-video-preview:-1"},"canonical":"https:\/\/theplywoodfactory.com\/pl\/manufacturer\/mesh-film-faced-birch-plywood\/","og_locale":"pl_PL","og_type":"article","og_title":"Anti-Slip Mesh Film Faced Birch Plywood | Chinese Supplier","og_description":"Premium mesh film faced plywood with phenolic surface.Baltic birch mesh plywood panels offer non-slip performance for construction and industrial applications.","og_url":"https:\/\/theplywoodfactory.com\/pl\/manufacturer\/mesh-film-faced-birch-plywood\/","og_site_name":"Plywood Factory","article_modified_time":"2025-04-13T14:58:07+00:00","og_image":[{"width":1000,"height":1000,"url":"https:\/\/theplywoodfactory.com\/wp-content\/uploads\/2025\/03\/Mesh-Film-birch-plywood.webp","type":"image\/webp"}],"twitter_card":"summary_large_image","twitter_misc":{"Szacowany czas czytania":"2 minuty"},"schema":{"@context":"https:\/\/schema.org","@graph":[{"@type":"WebPage","@id":"https:\/\/theplywoodfactory.com\/manufacturer\/mesh-film-faced-birch-plywood\/","url":"https:\/\/theplywoodfactory.com\/manufacturer\/mesh-film-faced-birch-plywood\/","name":"Antypo\u015blizgowa sklejka brzozowa pokryta siatk\u0105 | Chi\u0144ski dostawca","isPartOf":{"@id":"https:\/\/theplywoodfactory.com\/#website"},"primaryImageOfPage":{"@id":"https:\/\/theplywoodfactory.com\/manufacturer\/mesh-film-faced-birch-plywood\/#primaryimage"},"image":{"@id":"https:\/\/theplywoodfactory.com\/manufacturer\/mesh-film-faced-birch-plywood\/#primaryimage"},"thumbnailUrl":"https:\/\/theplywoodfactory.com\/wp-content\/uploads\/2025\/03\/Mesh-Film-birch-plywood.webp","datePublished":"2025-03-13T15:00:37+00:00","dateModified":"2025-04-13T14:58:07+00:00","description":"Wysokiej jako\u015bci sklejka z pow\u0142ok\u0105 z siatki z powierzchni\u0105 fenolow\u0105. Panele ze sklejki z siatki z brzozy ba\u0142tyckiej zapewniaj\u0105 w\u0142a\u015bciwo\u015bci antypo\u015blizgowe w zastosowaniach budowlanych i przemys\u0142owych.","breadcrumb":{"@id":"https:\/\/theplywoodfactory.com\/manufacturer\/mesh-film-faced-birch-plywood\/#breadcrumb"},"inLanguage":"pl-PL","potentialAction":[{"@type":"ReadAction","target":["https:\/\/theplywoodfactory.com\/manufacturer\/mesh-film-faced-birch-plywood\/"]}]},{"@type":"ImageObject","inLanguage":"pl-PL","@id":"https:\/\/theplywoodfactory.com\/manufacturer\/mesh-film-faced-birch-plywood\/#primaryimage","url":"https:\/\/theplywoodfactory.com\/wp-content\/uploads\/2025\/03\/Mesh-Film-birch-plywood.webp","contentUrl":"https:\/\/theplywoodfactory.com\/wp-content\/uploads\/2025\/03\/Mesh-Film-birch-plywood.webp","width":1000,"height":1000,"caption":"Mesh Film birch plywood"},{"@type":"BreadcrumbList","@id":"https:\/\/theplywoodfactory.com\/manufacturer\/mesh-film-faced-birch-plywood\/#breadcrumb","itemListElement":[{"@type":"ListItem","position":1,"name":"Home","item":"https:\/\/theplywoodfactory.com\/"},{"@type":"ListItem","position":2,"name":"Products","item":"https:\/\/theplywoodfactory.com\/shop\/"},{"@type":"ListItem","position":3,"name":"Mesh Film Faced Birch Plywood"}]},{"@type":"WebSite","@id":"https:\/\/theplywoodfactory.com\/#website","url":"https:\/\/theplywoodfactory.com\/","name":"Fabryka Sklejki","description":"","publisher":{"@id":"https:\/\/theplywoodfactory.com\/#organization"},"potentialAction":[{"@type":"SearchAction","target":{"@type":"EntryPoint","urlTemplate":"https:\/\/theplywoodfactory.com\/?s={search_term_string}"},"query-input":{"@type":"PropertyValueSpecification","valueRequired":true,"valueName":"search_term_string"}}],"inLanguage":"pl-PL"},{"@type":"Organization","@id":"https:\/\/theplywoodfactory.com\/#organization","name":"Linyi Bai Ze Yuan Wood Industry Co., Ltd.","url":"https:\/\/theplywoodfactory.com\/","logo":{"@type":"ImageObject","inLanguage":"pl-PL","@id":"https:\/\/theplywoodfactory.com\/#\/schema\/logo\/image\/","url":"https:\/\/theplywoodfactory.com\/wp-content\/uploads\/2025\/02\/logo-1.webp","contentUrl":"https:\/\/theplywoodfactory.com\/wp-content\/uploads\/2025\/02\/logo-1.webp","width":300,"height":300,"caption":"Linyi Bai Ze Yuan Wood Industry Co., Ltd."},"image":{"@id":"https:\/\/theplywoodfactory.com\/#\/schema\/logo\/image\/"}}]}},"_links":{"self":[{"href":"https:\/\/theplywoodfactory.com\/pl\/wp-json\/wp\/v2\/product\/1852","targetHints":{"allow":["GET"]}}],"collection":[{"href":"https:\/\/theplywoodfactory.com\/pl\/wp-json\/wp\/v2\/product"}],"about":[{"href":"https:\/\/theplywoodfactory.com\/pl\/wp-json\/wp\/v2\/types\/product"}],"replies":[{"embeddable":true,"href":"https:\/\/theplywoodfactory.com\/pl\/wp-json\/wp\/v2\/comments?post=1852"}],"wp:featuredmedia":[{"embeddable":true,"href":"https:\/\/theplywoodfactory.com\/pl\/wp-json\/wp\/v2\/media\/1944"}],"wp:attachment":[{"href":"https:\/\/theplywoodfactory.com\/pl\/wp-json\/wp\/v2\/media?parent=1852"}],"wp:term":[{"taxonomy":"product_brand","embeddable":true,"href":"https:\/\/theplywoodfactory.com\/pl\/wp-json\/wp\/v2\/product_brand?post=1852"},{"taxonomy":"product_cat","embeddable":true,"href":"https:\/\/theplywoodfactory.com\/pl\/wp-json\/wp\/v2\/product_cat?post=1852"},{"taxonomy":"product_tag","embeddable":true,"href":"https:\/\/theplywoodfactory.com\/pl\/wp-json\/wp\/v2\/product_tag?post=1852"}],"curies":[{"name":"wp","href":"https:\/\/api.w.org\/{rel}","templated":true}]}}