{"id":1998,"date":"2025-03-20T08:06:38","date_gmt":"2025-03-20T08:06:38","guid":{"rendered":"https:\/\/theplywoodfactory.com\/?post_type=product&#038;p=1998"},"modified":"2025-04-14T09:04:45","modified_gmt":"2025-04-14T09:04:45","slug":"smooth-film-faced-birch-plywood","status":"publish","type":"product","link":"https:\/\/theplywoodfactory.com\/ro\/manufacturer\/smooth-film-faced-birch-plywood\/","title":{"rendered":"Placaj de mesteac\u0103n cu fa\u021b\u0103 neted\u0103 de film"},"content":{"rendered":"<section class=\"section\" id=\"section_729656238\">\n\t\t<div class=\"bg section-bg fill bg-fill  bg-loaded\" >\n\n\t\t\t\n\t\t\t\n\t\t\t\n\n\t\t<\/div>\n\n\t\t\n\n\t\t<div class=\"section-content relative\">\n\t\t\t\n<p><strong><b>Produs<\/b><\/strong><strong><b>: <\/b><\/strong>Placaj de mesteac\u0103n cu fa\u021b\u0103 neted\u0103<\/p>\n<p><strong><b>Specii: <\/b><\/strong>100% mesteac\u0103n<\/p>\n<p><strong><b>Grosimea foii: <\/b><\/strong>9mm; 10mm; 12mmmm; 15mm; 18mm; 21mm; 24mm; 27mm; 28mm; 30mm; 35mm; 40mm; 60mm; 90mm<\/p>\n<p><strong><b>C<\/b><\/strong><strong><b>Tipuri de minereu:<\/b><\/strong>\u00a0100% mesteac\u0103n;<\/p>\n<p><strong><b>Tipuri de lipici: <\/b><\/strong>Lipici pentru exterior (r\u0103\u0219in\u0103 fenolic\u0103)<\/p>\n<p><strong><b>F<\/b><\/strong><strong><b>ilm<\/b><\/strong><strong><b>\u00a0T<\/b><\/strong><strong><b>ype<\/b><\/strong><strong><b>s<\/b><\/strong><strong><b>: <\/b><\/strong>Film neted<\/p>\n<p><strong><b>F<\/b><\/strong><strong><b>ilm<\/b><\/strong><strong><b>\u00a0Greutate<\/b><\/strong><strong><b>:<\/b><\/strong><strong><b>\u00a0<\/b><\/strong>120g; 240g; 440g<\/p>\n<p><strong><b>F<\/b><\/strong><strong><b>ilm<\/b><\/strong><strong><b>\u00a0Culori<\/b><\/strong><strong><b>:<\/b><\/strong><strong><b>\u00a0<\/b><\/strong>Negru; maro \u00eenchis; maro deschis; gri argintiu; gri deschis; albastru; verde; galben<\/p>\n<p><strong><b>Con\u021binut de umezeal\u0103: <\/b><\/strong>10% (+\/- 2%) conform EN315 \u0219i DIN 68705<\/p>\n<p><strong><b>Greutate \/ Densitate:<\/b><\/strong>\u00a0640 - 700 kg\/m\u00b3<\/p>\n<p><strong><b>Formaldehid\u0103<\/b><\/strong><strong><b>:<\/b><\/strong>\u00a0Standard EN 13986<\/p>\n<p>Emisia de formaldehid\u0103 \u00eendepline\u0219te cerin\u021bele clasei E1 (metoda de testare EN 717 partea 2)<\/p>\n\t<div id=\"text-3635774160\" class=\"text\">\n\t\t\n<h2><strong><b>Dimensiuni foaie<\/b><\/strong><\/h2>\n\t\t\n<style>\n#text-3635774160 {\n  text-align: center;\n}\n<\/style>\n\t<\/div>\n\t\n<div class=\"row\"  id=\"row-1949390361\">\n\n\t<div id=\"col-1043578503\" class=\"col medium-6 small-12 large-6\"  >\n\t\t\t\t<div class=\"col-inner\"  >\n\t\t\t\n\t\t\t\n\t<div id=\"text-721129794\" class=\"text\">\n\t\t\n\n<table id=\"tablepress-5\" class=\"tablepress tablepress-id-5\">\n<thead>\n<tr class=\"row-1\">\n\t<th colspan=\"2\" class=\"column-1\"><center>Dimensiune standard<\/center><\/th>\n<\/tr>\n<\/thead>\n<tbody class=\"row-striping row-hover\">\n<tr class=\"row-2\">\n\t<td class=\"column-1\">Metric<\/td><td class=\"column-2\">Imperial<\/td>\n<\/tr>\n<tr class=\"row-3\">\n\t<td class=\"column-1\">2440*1220mm<\/td><td class=\"column-2\">8ft * 4ft<\/td>\n<\/tr>\n<tr class=\"row-4\">\n\t<td class=\"column-1\">1525*1525mm<\/td><td class=\"column-2\">5ft*5ft<\/td>\n<\/tr>\n<tr class=\"row-5\">\n\t<td class=\"column-1\">1525*3050mm<\/td><td class=\"column-2\">5ft * 10ft<\/td>\n<\/tr>\n<tr class=\"row-6\">\n\t<td class=\"column-1\">2500*1250mm<\/td><td class=\"column-2\"><\/td>\n<\/tr>\n<\/tbody>\n<\/table>\n<!-- #tablepress-5 from cache -->\n<p><strong>Alte dimensiuni disponibile la cerere<\/strong><br \/>\n\t\t\n<style>\n#text-721129794 {\n  text-align: center;\n}\n<\/style>\n\t<\/div>\n\t\n\t\t<\/div>\n\t\t\t\t\n<style>\n#col-1043578503 > .col-inner {\n  padding: 0px 0px 0px 0px;\n}\n<\/style>\n\t<\/div>\n\n\t\n\n\t<div id=\"col-1620850737\" class=\"col medium-6 small-12 large-6\"  >\n\t\t\t\t<div class=\"col-inner\"  >\n\t\t\t\n\t\t\t\n\n<table id=\"tablepress-4\" class=\"tablepress tablepress-id-4\">\n<thead>\n<tr class=\"row-1\">\n\t<th colspan=\"2\" class=\"column-1\"><center>Standard mare<\/center><\/th>\n<\/tr>\n<\/thead>\n<tbody class=\"row-striping row-hover\">\n<tr class=\"row-2\">\n\t<td class=\"column-1\">Metric<\/td><td class=\"column-2\">Imperial<\/td>\n<\/tr>\n<tr class=\"row-3\">\n\t<td class=\"column-1\">1220*2745mm<\/td><td class=\"column-2\">4ft * 9ft<\/td>\n<\/tr>\n<tr class=\"row-4\">\n\t<td class=\"column-1\">1220*3050mm<\/td><td class=\"column-2\">4ft * 10ft<\/td>\n<\/tr>\n<tr class=\"row-5\">\n\t<td class=\"column-1\">1220*3340mm<\/td><td class=\"column-2\">4ft * 11ft<\/td>\n<\/tr>\n<tr class=\"row-6\">\n\t<td class=\"column-1\">1220*3660mm<\/td><td class=\"column-2\">4ft * 12ft<\/td>\n<\/tr>\n<tr class=\"row-7\">\n\t<td class=\"column-1\">1500*2500mm<\/td><td class=\"column-2\"><\/td>\n<\/tr>\n<tr class=\"row-8\">\n\t<td class=\"column-1\">1500*3000mm<\/td><td class=\"column-2\"><\/td>\n<\/tr>\n<tr class=\"row-9\">\n\t<td class=\"column-1\">1525*2745mm<\/td><td class=\"column-2\">5ft * 9ft<\/td>\n<\/tr>\n<tr class=\"row-10\">\n\t<td class=\"column-1\">1525*3660mm<\/td><td class=\"column-2\">5ft * 12ft<\/td>\n<\/tr>\n<\/tbody>\n<\/table>\n<!-- #tablepress-4 from cache -->\n\t\t<\/div>\n\t\t\t\t\t<\/div>\n\n\t\n<\/div>\n\t\t<\/div>\n\n\t\t\n<style>\n#section_729656238 {\n  padding-top: 30px;\n  padding-bottom: 30px;\n}\n<\/style>\n\t<\/section>\n\t\n\t<section class=\"section\" id=\"section_840410985\">\n\t\t<div class=\"bg section-bg fill bg-fill  bg-loaded\" >\n\n\t\t\t\n\t\t\t\n\t\t\t\n\n\t\t<\/div>\n\n\t\t\n\n\t\t<div class=\"section-content relative\">\n\t\t\t\n\t<div id=\"text-2564816551\" class=\"text\">\n\t\t\n<h2>Smooth Film Info<\/h2>\n\t\t\n<style>\n#text-2564816551 {\n  text-align: center;\n}\n<\/style>\n\t<\/div>\n\t\n\t<div id=\"gap-100139640\" class=\"gap-element clearfix\" style=\"display:block; height:auto;\">\n\t\t\n<style>\n#gap-100139640 {\n  padding-top: 30px;\n}\n<\/style>\n\t<\/div>\n\t\n<div class=\"row row-large align-center\"  id=\"row-855218774\">\n\n\t<div id=\"col-1201361867\" class=\"col medium-3 small-12 large-3\"  >\n\t\t\t\t<div class=\"col-inner text-right\"  >\n\t\t\t\n\t\t\t\n\t<div id=\"text-3298380645\" class=\"text\">\n\t\t\n<h3><strong><b>Acoperire<\/b><\/strong><\/h3>\n<ul>\n<li>Filmul fenolic sau rezistent la UV este presat la cald pe suprafa\u021b\u0103<\/li>\n<li>Rezistent la umezeal\u0103 \u0219i substan\u021be chimice.<\/li>\n<li>Nu va cr\u0103pa<\/li>\n<\/ul>\n\t\t\n<style>\n#text-3298380645 {\n  text-align: left;\n}\n<\/style>\n\t<\/div>\n\t\n\t\t<\/div>\n\t\t\t\t\t<\/div>\n\n\t\n\n\t<div id=\"col-29347563\" class=\"col medium-5 small-12 large-5\"  >\n\t\t\t\t<div class=\"col-inner\"  >\n\t\t\t\n\t\t\t\n\t<div class=\"img has-hover x md-x lg-x y md-y lg-y\" id=\"image_220575282\">\n\t\t\t\t\t\t\t\t<div class=\"img-inner image-cover dark\" style=\"padding-top:56.25%;\">\n\t\t\t<img loading=\"lazy\" decoding=\"async\" width=\"1000\" height=\"1000\" src=\"https:\/\/theplywoodfactory.com\/wp-content\/uploads\/2025\/03\/Smooth-Film.webp\" class=\"attachment-original size-original\" alt=\"Film neted\" srcset=\"https:\/\/theplywoodfactory.com\/wp-content\/uploads\/2025\/03\/Smooth-Film.webp 1000w, https:\/\/theplywoodfactory.com\/wp-content\/uploads\/2025\/03\/Smooth-Film-300x300.webp 300w, https:\/\/theplywoodfactory.com\/wp-content\/uploads\/2025\/03\/Smooth-Film-150x150.webp 150w, https:\/\/theplywoodfactory.com\/wp-content\/uploads\/2025\/03\/Smooth-Film-768x768.webp 768w, https:\/\/theplywoodfactory.com\/wp-content\/uploads\/2025\/03\/Smooth-Film-12x12.webp 12w, https:\/\/theplywoodfactory.com\/wp-content\/uploads\/2025\/03\/Smooth-Film-600x600.webp 600w, https:\/\/theplywoodfactory.com\/wp-content\/uploads\/2025\/03\/Smooth-Film-100x100.webp 100w\" sizes=\"auto, (max-width: 1000px) 100vw, 1000px\" \/>\t\t\t\t\t\t\n\t\t\t\t\t<\/div>\n\t\t\t\t\t\t\t\t\n<style>\n#image_220575282 {\n  width: 100%;\n}\n<\/style>\n\t<\/div>\n\t\n\t\t<\/div>\n\t\t\t\t\t<\/div>\n\n\t\n\n\t<div id=\"col-22980181\" class=\"col medium-3 small-12 large-3\"  >\n\t\t\t\t<div class=\"col-inner text-left\"  >\n\t\t\t\n\t\t\t\n\t<div id=\"text-2914825352\" class=\"text\">\n\t\t\n<h3><strong><b>Etan\u0219area marginilor<\/b><\/strong><\/h3>\n<ul>\n<li>Vopsea acrilic\u0103 pentru exterior pentru a preveni p\u0103trunderea umezelii<\/li>\n<li>Pentru a se potrivi cu culoarea fe\u021bei fenolice<\/li>\n<\/ul>\n\t\t\n<style>\n#text-2914825352 {\n  text-align: left;\n}\n<\/style>\n\t<\/div>\n\t\n\t\t<\/div>\n\t\t\t\t\t<\/div>\n\n\t\n<\/div>\n\t\t<\/div>\n\n\t\t\n<style>\n#section_840410985 {\n  padding-top: 30px;\n  padding-bottom: 30px;\n  background-color: rgb(246, 246, 246);\n}\n<\/style>\n\t<\/section>","protected":false},"excerpt":{"rendered":"<p>Tipuri de miez: 100% mesteac\u0103n<br \/>\nTipuri de lipici: Lipici exterior (r\u0103\u0219in\u0103 fenolic\u0103)<br \/>\nTipuri de folii: Film cu plas\u0103<br \/>\nGreutatea filmului: 120g; 240g; 440g<br \/>\nCon\u021binut de umezeal\u0103: 10% (+\/- 2%) conform EN315 \u0219i DIN 68705<br \/>\nGreutate \/ Densitate: 640 - 700 kg\/m\u00b3<\/p>","protected":false},"featured_media":1922,"comment_status":"closed","ping_status":"closed","template":"","meta":[],"product_brand":[],"product_cat":[39],"product_tag":[],"class_list":{"0":"post-1998","1":"product","2":"type-product","3":"status-publish","4":"has-post-thumbnail","6":"product_cat-film-faced-birch-plywood","8":"first","9":"instock","10":"shipping-taxable","11":"product-type-simple"},"yoast_head":"<!-- This site is optimized with the Yoast SEO plugin v27.0 - https:\/\/yoast.com\/product\/yoast-seo-wordpress\/ -->\n<title>Premium Smooth Film Faced Birch Plywood | Plywood Supplier<\/title>\n<meta name=\"description\" content=\"High quality Baltic birch plywood with smooth phenolic film facing. Film-faced panels ideal for construction hoarding and other demanding exterior applications.\" \/>\n<meta name=\"robots\" content=\"index, follow, max-snippet:-1, max-image-preview:large, max-video-preview:-1\" \/>\n<link rel=\"canonical\" href=\"https:\/\/theplywoodfactory.com\/ro\/manufacturer\/smooth-film-faced-birch-plywood\/\" \/>\n<meta property=\"og:locale\" content=\"ro_RO\" \/>\n<meta property=\"og:type\" content=\"article\" \/>\n<meta property=\"og:title\" content=\"Premium Smooth Film Faced Birch Plywood | Plywood Supplier\" \/>\n<meta property=\"og:description\" content=\"High quality Baltic birch plywood with smooth phenolic film facing. Film-faced panels ideal for construction hoarding and other demanding exterior applications.\" \/>\n<meta property=\"og:url\" content=\"https:\/\/theplywoodfactory.com\/ro\/manufacturer\/smooth-film-faced-birch-plywood\/\" \/>\n<meta property=\"og:site_name\" content=\"Plywood Factory\" \/>\n<meta property=\"article:modified_time\" content=\"2025-04-14T09:04:45+00:00\" \/>\n<meta property=\"og:image\" content=\"https:\/\/theplywoodfactory.com\/wp-content\/uploads\/2025\/03\/Smooth-Film.webp\" \/>\n\t<meta property=\"og:image:width\" content=\"1000\" \/>\n\t<meta property=\"og:image:height\" content=\"1000\" \/>\n\t<meta property=\"og:image:type\" content=\"image\/webp\" \/>\n<meta name=\"twitter:card\" content=\"summary_large_image\" \/>\n<meta name=\"twitter:label1\" content=\"Timp estimat pentru citire\" \/>\n\t<meta name=\"twitter:data1\" content=\"2 minute\" \/>\n<script type=\"application\/ld+json\" class=\"yoast-schema-graph\">{\"@context\":\"https:\/\/schema.org\",\"@graph\":[{\"@type\":\"WebPage\",\"@id\":\"https:\/\/theplywoodfactory.com\/manufacturer\/smooth-film-faced-birch-plywood\/\",\"url\":\"https:\/\/theplywoodfactory.com\/manufacturer\/smooth-film-faced-birch-plywood\/\",\"name\":\"Premium Smooth Film Faced Birch Plywood | Plywood Supplier\",\"isPartOf\":{\"@id\":\"https:\/\/theplywoodfactory.com\/#website\"},\"primaryImageOfPage\":{\"@id\":\"https:\/\/theplywoodfactory.com\/manufacturer\/smooth-film-faced-birch-plywood\/#primaryimage\"},\"image\":{\"@id\":\"https:\/\/theplywoodfactory.com\/manufacturer\/smooth-film-faced-birch-plywood\/#primaryimage\"},\"thumbnailUrl\":\"https:\/\/theplywoodfactory.com\/wp-content\/uploads\/2025\/03\/Smooth-Film.webp\",\"datePublished\":\"2025-03-20T08:06:38+00:00\",\"dateModified\":\"2025-04-14T09:04:45+00:00\",\"description\":\"High quality Baltic birch plywood with smooth phenolic film facing. Film-faced panels ideal for construction hoarding and other demanding exterior applications.\",\"breadcrumb\":{\"@id\":\"https:\/\/theplywoodfactory.com\/manufacturer\/smooth-film-faced-birch-plywood\/#breadcrumb\"},\"inLanguage\":\"ro-RO\",\"potentialAction\":[{\"@type\":\"ReadAction\",\"target\":[\"https:\/\/theplywoodfactory.com\/manufacturer\/smooth-film-faced-birch-plywood\/\"]}]},{\"@type\":\"ImageObject\",\"inLanguage\":\"ro-RO\",\"@id\":\"https:\/\/theplywoodfactory.com\/manufacturer\/smooth-film-faced-birch-plywood\/#primaryimage\",\"url\":\"https:\/\/theplywoodfactory.com\/wp-content\/uploads\/2025\/03\/Smooth-Film.webp\",\"contentUrl\":\"https:\/\/theplywoodfactory.com\/wp-content\/uploads\/2025\/03\/Smooth-Film.webp\",\"width\":1000,\"height\":1000,\"caption\":\"Smooth Film\"},{\"@type\":\"BreadcrumbList\",\"@id\":\"https:\/\/theplywoodfactory.com\/manufacturer\/smooth-film-faced-birch-plywood\/#breadcrumb\",\"itemListElement\":[{\"@type\":\"ListItem\",\"position\":1,\"name\":\"Home\",\"item\":\"https:\/\/theplywoodfactory.com\/\"},{\"@type\":\"ListItem\",\"position\":2,\"name\":\"Products\",\"item\":\"https:\/\/theplywoodfactory.com\/shop\/\"},{\"@type\":\"ListItem\",\"position\":3,\"name\":\"Smooth Film Faced Birch Plywood\"}]},{\"@type\":\"WebSite\",\"@id\":\"https:\/\/theplywoodfactory.com\/#website\",\"url\":\"https:\/\/theplywoodfactory.com\/\",\"name\":\"Plywood Factory\",\"description\":\"\",\"publisher\":{\"@id\":\"https:\/\/theplywoodfactory.com\/#organization\"},\"potentialAction\":[{\"@type\":\"SearchAction\",\"target\":{\"@type\":\"EntryPoint\",\"urlTemplate\":\"https:\/\/theplywoodfactory.com\/?s={search_term_string}\"},\"query-input\":{\"@type\":\"PropertyValueSpecification\",\"valueRequired\":true,\"valueName\":\"search_term_string\"}}],\"inLanguage\":\"ro-RO\"},{\"@type\":\"Organization\",\"@id\":\"https:\/\/theplywoodfactory.com\/#organization\",\"name\":\"Linyi Bai Ze Yuan Wood Industry Co., Ltd.\",\"url\":\"https:\/\/theplywoodfactory.com\/\",\"logo\":{\"@type\":\"ImageObject\",\"inLanguage\":\"ro-RO\",\"@id\":\"https:\/\/theplywoodfactory.com\/#\/schema\/logo\/image\/\",\"url\":\"https:\/\/theplywoodfactory.com\/wp-content\/uploads\/2025\/02\/logo-1.webp\",\"contentUrl\":\"https:\/\/theplywoodfactory.com\/wp-content\/uploads\/2025\/02\/logo-1.webp\",\"width\":300,\"height\":300,\"caption\":\"Linyi Bai Ze Yuan Wood Industry Co., Ltd.\"},\"image\":{\"@id\":\"https:\/\/theplywoodfactory.com\/#\/schema\/logo\/image\/\"}}]}<\/script>\n<!-- \/ Yoast SEO plugin. -->","yoast_head_json":{"title":"Premium Smooth Film Faced Birch placaj | Furnizor de placaj","description":"Placaj de mesteac\u0103n baltic de \u00eenalt\u0103 calitate cu strat de protec\u021bie fenolic neted. Panourile acoperite cu folie sunt ideale pentru panouri de protec\u021bie \u00een construc\u021bii \u0219i alte aplica\u021bii exterioare solicitante.","robots":{"index":"index","follow":"follow","max-snippet":"max-snippet:-1","max-image-preview":"max-image-preview:large","max-video-preview":"max-video-preview:-1"},"canonical":"https:\/\/theplywoodfactory.com\/ro\/manufacturer\/smooth-film-faced-birch-plywood\/","og_locale":"ro_RO","og_type":"article","og_title":"Premium Smooth Film Faced Birch Plywood | Plywood Supplier","og_description":"High quality Baltic birch plywood with smooth phenolic film facing. Film-faced panels ideal for construction hoarding and other demanding exterior applications.","og_url":"https:\/\/theplywoodfactory.com\/ro\/manufacturer\/smooth-film-faced-birch-plywood\/","og_site_name":"Plywood Factory","article_modified_time":"2025-04-14T09:04:45+00:00","og_image":[{"width":1000,"height":1000,"url":"https:\/\/theplywoodfactory.com\/wp-content\/uploads\/2025\/03\/Smooth-Film.webp","type":"image\/webp"}],"twitter_card":"summary_large_image","twitter_misc":{"Timp estimat pentru citire":"2 minute"},"schema":{"@context":"https:\/\/schema.org","@graph":[{"@type":"WebPage","@id":"https:\/\/theplywoodfactory.com\/manufacturer\/smooth-film-faced-birch-plywood\/","url":"https:\/\/theplywoodfactory.com\/manufacturer\/smooth-film-faced-birch-plywood\/","name":"Premium Smooth Film Faced Birch placaj | Furnizor de placaj","isPartOf":{"@id":"https:\/\/theplywoodfactory.com\/#website"},"primaryImageOfPage":{"@id":"https:\/\/theplywoodfactory.com\/manufacturer\/smooth-film-faced-birch-plywood\/#primaryimage"},"image":{"@id":"https:\/\/theplywoodfactory.com\/manufacturer\/smooth-film-faced-birch-plywood\/#primaryimage"},"thumbnailUrl":"https:\/\/theplywoodfactory.com\/wp-content\/uploads\/2025\/03\/Smooth-Film.webp","datePublished":"2025-03-20T08:06:38+00:00","dateModified":"2025-04-14T09:04:45+00:00","description":"Placaj de mesteac\u0103n baltic de \u00eenalt\u0103 calitate cu strat de protec\u021bie fenolic neted. Panourile acoperite cu folie sunt ideale pentru panouri de protec\u021bie \u00een construc\u021bii \u0219i alte aplica\u021bii exterioare solicitante.","breadcrumb":{"@id":"https:\/\/theplywoodfactory.com\/manufacturer\/smooth-film-faced-birch-plywood\/#breadcrumb"},"inLanguage":"ro-RO","potentialAction":[{"@type":"ReadAction","target":["https:\/\/theplywoodfactory.com\/manufacturer\/smooth-film-faced-birch-plywood\/"]}]},{"@type":"ImageObject","inLanguage":"ro-RO","@id":"https:\/\/theplywoodfactory.com\/manufacturer\/smooth-film-faced-birch-plywood\/#primaryimage","url":"https:\/\/theplywoodfactory.com\/wp-content\/uploads\/2025\/03\/Smooth-Film.webp","contentUrl":"https:\/\/theplywoodfactory.com\/wp-content\/uploads\/2025\/03\/Smooth-Film.webp","width":1000,"height":1000,"caption":"Smooth Film"},{"@type":"BreadcrumbList","@id":"https:\/\/theplywoodfactory.com\/manufacturer\/smooth-film-faced-birch-plywood\/#breadcrumb","itemListElement":[{"@type":"ListItem","position":1,"name":"Home","item":"https:\/\/theplywoodfactory.com\/"},{"@type":"ListItem","position":2,"name":"Products","item":"https:\/\/theplywoodfactory.com\/shop\/"},{"@type":"ListItem","position":3,"name":"Smooth Film Faced Birch Plywood"}]},{"@type":"WebSite","@id":"https:\/\/theplywoodfactory.com\/#website","url":"https:\/\/theplywoodfactory.com\/","name":"Fabrica de placaj","description":"","publisher":{"@id":"https:\/\/theplywoodfactory.com\/#organization"},"potentialAction":[{"@type":"SearchAction","target":{"@type":"EntryPoint","urlTemplate":"https:\/\/theplywoodfactory.com\/?s={search_term_string}"},"query-input":{"@type":"PropertyValueSpecification","valueRequired":true,"valueName":"search_term_string"}}],"inLanguage":"ro-RO"},{"@type":"Organization","@id":"https:\/\/theplywoodfactory.com\/#organization","name":"Linyi Bai Ze Yuan Wood Industry Co., Ltd.","url":"https:\/\/theplywoodfactory.com\/","logo":{"@type":"ImageObject","inLanguage":"ro-RO","@id":"https:\/\/theplywoodfactory.com\/#\/schema\/logo\/image\/","url":"https:\/\/theplywoodfactory.com\/wp-content\/uploads\/2025\/02\/logo-1.webp","contentUrl":"https:\/\/theplywoodfactory.com\/wp-content\/uploads\/2025\/02\/logo-1.webp","width":300,"height":300,"caption":"Linyi Bai Ze Yuan Wood Industry Co., Ltd."},"image":{"@id":"https:\/\/theplywoodfactory.com\/#\/schema\/logo\/image\/"}}]}},"_links":{"self":[{"href":"https:\/\/theplywoodfactory.com\/ro\/wp-json\/wp\/v2\/product\/1998","targetHints":{"allow":["GET"]}}],"collection":[{"href":"https:\/\/theplywoodfactory.com\/ro\/wp-json\/wp\/v2\/product"}],"about":[{"href":"https:\/\/theplywoodfactory.com\/ro\/wp-json\/wp\/v2\/types\/product"}],"replies":[{"embeddable":true,"href":"https:\/\/theplywoodfactory.com\/ro\/wp-json\/wp\/v2\/comments?post=1998"}],"wp:featuredmedia":[{"embeddable":true,"href":"https:\/\/theplywoodfactory.com\/ro\/wp-json\/wp\/v2\/media\/1922"}],"wp:attachment":[{"href":"https:\/\/theplywoodfactory.com\/ro\/wp-json\/wp\/v2\/media?parent=1998"}],"wp:term":[{"taxonomy":"product_brand","embeddable":true,"href":"https:\/\/theplywoodfactory.com\/ro\/wp-json\/wp\/v2\/product_brand?post=1998"},{"taxonomy":"product_cat","embeddable":true,"href":"https:\/\/theplywoodfactory.com\/ro\/wp-json\/wp\/v2\/product_cat?post=1998"},{"taxonomy":"product_tag","embeddable":true,"href":"https:\/\/theplywoodfactory.com\/ro\/wp-json\/wp\/v2\/product_tag?post=1998"}],"curies":[{"name":"wp","href":"https:\/\/api.w.org\/{rel}","templated":true}]}}